 {"id":201,"date":"2021-12-03T15:04:07","date_gmt":"2021-12-03T18:04:07","guid":{"rendered":"https:\/\/www.stimportacoes.com.br\/?page_id=201"},"modified":"2022-04-20T15:20:18","modified_gmt":"2022-04-20T18:20:18","slug":"mato-grosso-do-sul","status":"publish","type":"page","link":"https:\/\/www.stimportacoes.com.br\/en\/mato-grosso-do-sul\/","title":{"rendered":"Mato Grosso do Sul"},"content":{"rendered":"\n<p>O Mato Grosso do Sul \u00e9 um Estado com forte atua\u00e7\u00e3o no mercado nacional, e internacional. E a ST Importa\u00e7\u00f5es n\u00e3o poderia deixar de ter atua\u00e7\u00e3o tamb\u00e9m nesse estado. Estamos presentes e atuantes em todo o territ\u00f3rio nacional desde 1998, oferecendo inova\u00e7\u00e3o e servi\u00e7os personalizados para nossos clientes.&nbsp;<\/p>\n\n\n\n<p>Mas, agora contamos com um novidade, o Grupo Americanas S\/A est\u00e1 integrando o conglomerado empresarial, agregando em nosso portf\u00f3lio, e refor\u00e7ando a presen\u00e7a no mercado varejista nacional, j\u00e1 que \u00e9 a sua principal vertente de atua\u00e7\u00e3o.&nbsp;<\/p>\n\n\n\n<p>Atualmente, a cidade conta com 2,6 milh\u00f5es de habitantes, mas possui grande relev\u00e2ncia para o cen\u00e1rio de importa\u00e7\u00e3o no Brasil.&nbsp;<\/p>\n\n\n\n<p>&nbsp;Os n\u00fameros da importa\u00e7\u00e3o no Estado s\u00e3o altas, foram gastos mais de 2 bilh\u00f5es de d\u00f3lares ao total. Levando o MS \u00e0 posi\u00e7\u00e3o de d\u00e9cimo terceiro colocado no ranking nacional de principais importadores.&nbsp;<\/p>\n\n\n\n<p>No entanto, mesmo com n\u00fameros t\u00e3o altos, em 2019, houve uma queda maior que 10% em rela\u00e7\u00e3o ao ano anterior.&nbsp;<\/p>\n\n\n\n<p>A participa\u00e7\u00e3o total nas importa\u00e7\u00f5es do Brasil foi de 1,3% referente ao total que foi registrado.&nbsp;<\/p>\n\n\n\n<p>No entanto, apenas no primeiro m\u00eas de 2022, o Estado registrou uma pauta mais concentrada na importa\u00e7\u00e3o do g\u00e1s boliviano, com mais de 50% das importa\u00e7\u00f5es registradas para o primeiro m\u00eas do ano.&nbsp;<\/p>\n\n\n\n<p>Apresentando uma perspectiva boa de crescimento, e n\u00fameros promissores para o decorrer do ano de 2022. Dessa forma, as expectativas para esse ano, s\u00e3o muito boas, para um mercado que estava registrando quedas nos anos anteriores.&nbsp;<\/p>\n\n\n\n<p>As opera\u00e7\u00f5es da ST Importa\u00e7\u00f5es est\u00e3o presentes n\u00e3o apenas no Mato Grosso do Sul, mas tamb\u00e9m em todos os estados brasileiros. O atendimento para o Estado \u00e9 feito totalmente online, 100% digital, oferecendo maior comodidade para nossos clientes, todas as d\u00favidas s\u00e3o esclarecidas por nosso time t\u00e9cnico.&nbsp;<\/p>\n\n\n\n<p>Mas se voc\u00ea quer conhecer um pouco mais sobre os servi\u00e7os que s\u00e3o prestados pela nossa empresa, e conhecer um pouco mais sobre a nossa hist\u00f3ria,&nbsp; d\u00ea uma olhada em <a href=\"https:\/\/www.stimportacoes.com.br\/pt\/nossas-solucoes\/\">nossa p\u00e1gina de solu\u00e7\u00f5es<\/a>, e veja qual a solu\u00e7\u00e3o melhor atende \u00e0s suas necessidades e n\u00e3o esque\u00e7a que estamos prontos para te oferecer o melhor atendimento.&nbsp;<\/p>\n\n\n\n<p>Entre em contato conosco agora mesmo, que nossos especialistas estar\u00e3o a postos para lhe dar o melhor atendimento, focando em uma solu\u00e7\u00e3o personalizada, que atende \u00e0s suas necessidades. Voc\u00ea contar\u00e1 com um portf\u00f3lio inovador de produtos e servi\u00e7os \u00e0 sua disposi\u00e7\u00e3o. Estamos aguardando o seu contato conosco!<\/p>\n\n\n\n<p><br><\/p>\n","protected":false},"excerpt":{"rendered":"<p>O Mato Grosso do Sul \u00e9 um Estado com forte atua\u00e7\u00e3o no mercado nacional, e internacional. E a ST Importa\u00e7\u00f5es n\u00e3o poderia deixar de ter atua\u00e7\u00e3o tamb\u00e9m nesse estado. Estamos presentes e atuantes em todo o territ\u00f3rio nacional desde 1998, oferecendo inova\u00e7\u00e3o e servi\u00e7os personalizados para nossos clientes.&nbsp; Mas, agora contamos com um novidade, o [&hellip;]<\/p>\n","protected":false},"author":1,"featured_media":0,"parent":0,"menu_order":0,"comment_status":"closed","ping_status":"closed","template":"page-tamplate-cidade.php","meta":{"footnotes":""},"acf":[],"yoast_head":"<!-- This site is optimized with the Yoast SEO plugin v16.6.1 - https:\/\/yoast.com\/wordpress\/plugins\/seo\/ -->\n<meta name=\"description\" content=\"Nossas solu\u00e7\u00f5es atendem toda a cadeia do processo de importa\u00e7\u00e3o. Uma empresa de importa\u00e7\u00e3o de produtos que oferece todo suportes.\" \/>\n<meta name=\"robots\" content=\"index, follow, max-snippet:-1, max-image-preview:large, max-video-preview:-1\" \/>\n<meta property=\"og:locale\" content=\"en_US\" \/>\n<meta property=\"og:type\" content=\"article\" \/>\n<meta property=\"og:title\" content=\"Mato Grosso do Sul\" \/>\n<meta property=\"og:description\" content=\"Nossas solu\u00e7\u00f5es atendem toda a cadeia do processo de importa\u00e7\u00e3o. Uma empresa de importa\u00e7\u00e3o de produtos que oferece todo suportes.\" \/>\n<meta property=\"og:url\" content=\"https:\/\/www.stimportacoes.com.br\/pt\/mato-grosso-do-sul\/\" \/>\n<meta property=\"og:site_name\" content=\"ST Importa\u00e7\u00f5es\" \/>\n<meta property=\"article:publisher\" content=\"https:\/\/www.facebook.com\/stimportacoes\" \/>\n<meta property=\"article:modified_time\" content=\"2022-04-20T18:20:18+00:00\" \/>\n<meta name=\"twitter:card\" content=\"summary_large_image\" \/>\n<meta name=\"twitter:label1\" content=\"Est. reading time\" \/>\n\t<meta name=\"twitter:data1\" content=\"2 minutes\" \/>\n<script type=\"application\/ld+json\" class=\"yoast-schema-graph\">{\"@context\":\"https:\/\/schema.org\",\"@graph\":[{\"@type\":\"WebSite\",\"@id\":\"https:\/\/www.stimportacoes.com.br\/#website\",\"url\":\"https:\/\/www.stimportacoes.com.br\/\",\"name\":\"ST Importa\\u00e7\\u00f5es\",\"description\":\"Solu\\u00e7\\u00f5es de com\\u00e9rcio exterior,  de forma \\u00e1gil e descomplicada.\",\"potentialAction\":[{\"@type\":\"SearchAction\",\"target\":{\"@type\":\"EntryPoint\",\"urlTemplate\":\"https:\/\/www.stimportacoes.com.br\/?s={search_term_string}\"},\"query-input\":\"required name=search_term_string\"}],\"inLanguage\":\"en-US\"},{\"@type\":\"WebPage\",\"@id\":\"https:\/\/www.stimportacoes.com.br\/pt\/mato-grosso-do-sul\/#webpage\",\"url\":\"https:\/\/www.stimportacoes.com.br\/pt\/mato-grosso-do-sul\/\",\"name\":\"[:pt]Mato Grosso do Sul[:] - ST Importa\\u00e7\\u00f5es\",\"isPartOf\":{\"@id\":\"https:\/\/www.stimportacoes.com.br\/#website\"},\"datePublished\":\"2021-12-03T18:04:07+00:00\",\"dateModified\":\"2022-04-20T18:20:18+00:00\",\"description\":\"Nossas solu\\u00e7\\u00f5es atendem toda a cadeia do processo de importa\\u00e7\\u00e3o. Uma empresa de importa\\u00e7\\u00e3o de produtos que oferece todo suportes.\",\"breadcrumb\":{\"@id\":\"https:\/\/www.stimportacoes.com.br\/pt\/mato-grosso-do-sul\/#breadcrumb\"},\"inLanguage\":\"en-US\",\"potentialAction\":[{\"@type\":\"ReadAction\",\"target\":[\"https:\/\/www.stimportacoes.com.br\/pt\/mato-grosso-do-sul\/\"]}]},{\"@type\":\"BreadcrumbList\",\"@id\":\"https:\/\/www.stimportacoes.com.br\/pt\/mato-grosso-do-sul\/#breadcrumb\",\"itemListElement\":[{\"@type\":\"ListItem\",\"position\":1,\"name\":\"Mato Grosso do Sul\"}]}]}<\/script>\n<!-- \/ Yoast SEO plugin. -->","_links":{"self":[{"href":"https:\/\/www.stimportacoes.com.br\/en\/wp-json\/wp\/v2\/pages\/201"}],"collection":[{"href":"https:\/\/www.stimportacoes.com.br\/en\/wp-json\/wp\/v2\/pages"}],"about":[{"href":"https:\/\/www.stimportacoes.com.br\/en\/wp-json\/wp\/v2\/types\/page"}],"author":[{"embeddable":true,"href":"https:\/\/www.stimportacoes.com.br\/en\/wp-json\/wp\/v2\/users\/1"}],"replies":[{"embeddable":true,"href":"https:\/\/www.stimportacoes.com.br\/en\/wp-json\/wp\/v2\/comments?post=201"}],"version-history":[{"count":0,"href":"https:\/\/www.stimportacoes.com.br\/en\/wp-json\/wp\/v2\/pages\/201\/revisions"}],"wp:attachment":[{"href":"https:\/\/www.stimportacoes.com.br\/en\/wp-json\/wp\/v2\/media?parent=201"}],"curies":[{"name":"wp","href":"https:\/\/api.w.org\/{rel}","templated":true}]}}