 {"id":242,"date":"2022-01-21T21:27:34","date_gmt":"2022-01-22T00:27:34","guid":{"rendered":"https:\/\/www.stimportacoes.com.br\/pt\/?page_id=242"},"modified":"2022-04-14T17:47:52","modified_gmt":"2022-04-14T20:47:52","slug":"espirito-santo","status":"publish","type":"page","link":"https:\/\/www.stimportacoes.com.br\/en\/espirito-santo\/","title":{"rendered":"Esp\u00edrito Santo"},"content":{"rendered":"\n<p>A ST Importa\u00e7\u00f5es se consolidou no mercado por meio de uma atua\u00e7\u00e3o voltada \u00e0s necessidades dos seus clientes, oferecendo solu\u00e7\u00f5es inovadoras, atuando diretamente na resolu\u00e7\u00e3o das dores dos nossos consumidores.&nbsp;<\/p>\n\n\n\n<p>Presente no mercado desde 1998, e atualmente, conta com a presen\u00e7a do Grupo Americanas S\/A em nosso conglomerado empresarial, trazendo um portf\u00f3lio novo de produtos e servi\u00e7os, al\u00e9m de aumentar a capacidade operacional. O mercado varejista passou a ser um dos nossos principais focos de atua\u00e7\u00e3o.&nbsp;<\/p>\n\n\n\n<p>E no Esp\u00edrito Santo, temos uma opera\u00e7\u00e3o refor\u00e7ada. O Estado conta com 3, 8 milh\u00f5es de habitantes, mesmo com o menor n\u00famero populacional do Sudeste, \u00e9 um Estado que possui grande valor para o mercado de importa\u00e7\u00f5es do Brasil.&nbsp;<\/p>\n\n\n\n<p>Em 2020, o estado do Esp\u00edrito Santo, se tornou o 8\u00b0 maior estado em rela\u00e7\u00e3o ao volume de importa\u00e7\u00f5es nacionais, onde esses n\u00fameros referem-se apenas aos primeiros 10 meses do ano.&nbsp;<\/p>\n\n\n\n<p>Demonstrando toda a for\u00e7a do estado. No ano anterior (2019), ele estava na 9\u00b0 posi\u00e7\u00e3o, ou seja, ele cresceu bastante de um ano para outro, e isso continua acontecendo!&nbsp;<\/p>\n\n\n\n<p>Com a nona posi\u00e7\u00e3o, a representatividade em percentual foi de 3,54% no n\u00famero total de importa\u00e7\u00f5es em solo nacional. E terminou 2020 com um super\u00e1vit de 2,5 milh\u00f5es de d\u00f3lares, um resultado acima do esperado.&nbsp;<\/p>\n\n\n\n<p>Existem vantagens para a importa\u00e7\u00e3o no Esp\u00edrito Santo, como uma localiza\u00e7\u00e3o estrat\u00e9gica em rela\u00e7\u00e3o \u00e0 geografia do estado, e o custo log\u00edstico entre os mais acess\u00edveis do Pa\u00eds. Al\u00e9m disso, ainda podemos citar os incentivos fiscais que existem no ES, como o Invest e o FUNDAP.&nbsp;<\/p>\n\n\n\n<p>A sua localiza\u00e7\u00e3o, como falamos anteriormente, conta bastante, j\u00e1 que apesar de possuir uma pequena faixa de terra, quando comparado com outros estados, ele faz fronteira com dois estados com alta relev\u00e2ncia para o escoamento das importa\u00e7\u00f5es, que \u00e9 Minas Gerais e o Rio de Janeiro.<\/p>\n\n\n\n<p>Al\u00e9m disso, \u00e9 a porta de entrada e tamb\u00e9m de sa\u00edda para a capital do Brasil, S\u00e3o Paulo e os estados do Nordeste.&nbsp;<\/p>\n\n\n\n<p>Em rela\u00e7\u00e3o aos portos, o estado de Esp\u00edrito Santo conta com dois portos, que s\u00e3o de grande import\u00e2ncia:<\/p>\n\n\n\n<ul><li>Tubar\u00e3o;<\/li><li>Vit\u00f3ria &#8211;&nbsp; que \u00e9 um dos mais movimentados de todo o Brasil.<\/li><\/ul>\n\n\n\n<p>Por isso, o estado capixaba tem grande relev\u00e2ncia no com\u00e9rcio de importa\u00e7\u00f5es brasileiras. E a ST Importa\u00e7\u00f5es conta com um atendimento personalizado e totalmente online no estado.&nbsp;<\/p>\n\n\n\n<p>No entanto, se voc\u00ea est\u00e1 procurando pelos servi\u00e7os prestados no Esp\u00edrito Santo para Importa\u00e7\u00f5es, d\u00ea uma olhada em <a href=\"https:\/\/www.stimportacoes.com.br\/pt\/nossas-solucoes\/\">nossa p\u00e1gina de solu\u00e7\u00f5es<\/a>, e veja qual a solu\u00e7\u00e3o melhor atende \u00e0s suas necessidades.&nbsp;<\/p>\n\n\n\n<p>Nossos especialistas estar\u00e3o a postos para lhe dar o melhor atendimento, focando em uma solu\u00e7\u00e3o personalizada. O atendimento \u00e9 feito totalmente online para sua maior comodidade.<\/p>\n","protected":false},"excerpt":{"rendered":"<p>A ST Importa\u00e7\u00f5es se consolidou no mercado por meio de uma atua\u00e7\u00e3o voltada \u00e0s necessidades dos seus clientes, oferecendo solu\u00e7\u00f5es inovadoras, atuando diretamente na resolu\u00e7\u00e3o das dores dos nossos consumidores.&nbsp; Presente no mercado desde 1998, e atualmente, conta com a presen\u00e7a do Grupo Americanas S\/A em nosso conglomerado empresarial, trazendo um portf\u00f3lio novo de produtos [&hellip;]<\/p>\n","protected":false},"author":1,"featured_media":0,"parent":0,"menu_order":0,"comment_status":"closed","ping_status":"closed","template":"page-tamplate-cidade.php","meta":{"footnotes":""},"acf":[],"yoast_head":"<!-- This site is optimized with the Yoast SEO plugin v16.6.1 - https:\/\/yoast.com\/wordpress\/plugins\/seo\/ -->\n<meta name=\"description\" content=\"Empresa de importa\u00e7\u00e3o no Esp\u00edrito Santo. Nossas solu\u00e7\u00f5es atendem toda a cadeia do processo de importa\u00e7\u00e3o. Confira!\" \/>\n<meta name=\"robots\" content=\"index, follow, max-snippet:-1, max-image-preview:large, max-video-preview:-1\" \/>\n<meta property=\"og:locale\" content=\"en_US\" \/>\n<meta property=\"og:type\" content=\"article\" \/>\n<meta property=\"og:title\" content=\"Importadora em Esp\u00edrito Santo - ST Importa\u00e7\u00f5es\" \/>\n<meta property=\"og:description\" content=\"Empresa de importa\u00e7\u00e3o no Esp\u00edrito Santo. Nossas solu\u00e7\u00f5es atendem toda a cadeia do processo de importa\u00e7\u00e3o. Confira!\" \/>\n<meta property=\"og:url\" content=\"https:\/\/www.stimportacoes.com.br\/pt\/espirito-santo\/\" \/>\n<meta property=\"og:site_name\" content=\"ST Importa\u00e7\u00f5es\" \/>\n<meta property=\"article:publisher\" content=\"https:\/\/www.facebook.com\/stimportacoes\" \/>\n<meta property=\"article:modified_time\" content=\"2022-04-14T20:47:52+00:00\" \/>\n<meta name=\"twitter:card\" content=\"summary_large_image\" \/>\n<meta name=\"twitter:label1\" content=\"Est. reading time\" \/>\n\t<meta name=\"twitter:data1\" content=\"2 minutes\" \/>\n<script type=\"application\/ld+json\" class=\"yoast-schema-graph\">{\"@context\":\"https:\/\/schema.org\",\"@graph\":[{\"@type\":\"WebSite\",\"@id\":\"https:\/\/www.stimportacoes.com.br\/#website\",\"url\":\"https:\/\/www.stimportacoes.com.br\/\",\"name\":\"ST Importa\\u00e7\\u00f5es\",\"description\":\"Solu\\u00e7\\u00f5es de com\\u00e9rcio exterior,  de forma \\u00e1gil e descomplicada.\",\"potentialAction\":[{\"@type\":\"SearchAction\",\"target\":{\"@type\":\"EntryPoint\",\"urlTemplate\":\"https:\/\/www.stimportacoes.com.br\/?s={search_term_string}\"},\"query-input\":\"required name=search_term_string\"}],\"inLanguage\":\"en-US\"},{\"@type\":\"WebPage\",\"@id\":\"https:\/\/www.stimportacoes.com.br\/pt\/espirito-santo\/#webpage\",\"url\":\"https:\/\/www.stimportacoes.com.br\/pt\/espirito-santo\/\",\"name\":\"Importadora em Esp\\u00edrito Santo - ST Importa\\u00e7\\u00f5es\",\"isPartOf\":{\"@id\":\"https:\/\/www.stimportacoes.com.br\/#website\"},\"datePublished\":\"2022-01-22T00:27:34+00:00\",\"dateModified\":\"2022-04-14T20:47:52+00:00\",\"description\":\"Empresa de importa\\u00e7\\u00e3o no Esp\\u00edrito Santo. Nossas solu\\u00e7\\u00f5es atendem toda a cadeia do processo de importa\\u00e7\\u00e3o. Confira!\",\"breadcrumb\":{\"@id\":\"https:\/\/www.stimportacoes.com.br\/pt\/espirito-santo\/#breadcrumb\"},\"inLanguage\":\"en-US\",\"potentialAction\":[{\"@type\":\"ReadAction\",\"target\":[\"https:\/\/www.stimportacoes.com.br\/pt\/espirito-santo\/\"]}]},{\"@type\":\"BreadcrumbList\",\"@id\":\"https:\/\/www.stimportacoes.com.br\/pt\/espirito-santo\/#breadcrumb\",\"itemListElement\":[{\"@type\":\"ListItem\",\"position\":1,\"name\":\"Esp\\u00edrito Santo\"}]}]}<\/script>\n<!-- \/ Yoast SEO plugin. -->","_links":{"self":[{"href":"https:\/\/www.stimportacoes.com.br\/en\/wp-json\/wp\/v2\/pages\/242"}],"collection":[{"href":"https:\/\/www.stimportacoes.com.br\/en\/wp-json\/wp\/v2\/pages"}],"about":[{"href":"https:\/\/www.stimportacoes.com.br\/en\/wp-json\/wp\/v2\/types\/page"}],"author":[{"embeddable":true,"href":"https:\/\/www.stimportacoes.com.br\/en\/wp-json\/wp\/v2\/users\/1"}],"replies":[{"embeddable":true,"href":"https:\/\/www.stimportacoes.com.br\/en\/wp-json\/wp\/v2\/comments?post=242"}],"version-history":[{"count":0,"href":"https:\/\/www.stimportacoes.com.br\/en\/wp-json\/wp\/v2\/pages\/242\/revisions"}],"wp:attachment":[{"href":"https:\/\/www.stimportacoes.com.br\/en\/wp-json\/wp\/v2\/media?parent=242"}],"curies":[{"name":"wp","href":"https:\/\/api.w.org\/{rel}","templated":true}]}}