 {"id":359,"date":"2026-02-02T12:12:17","date_gmt":"2026-02-02T15:12:17","guid":{"rendered":"https:\/\/www.stimportacoes.com.br\/pt\/?page_id=359"},"modified":"2026-02-02T17:40:45","modified_gmt":"2026-02-02T20:40:45","slug":"aviso-de-privacidade-1","status":"publish","type":"page","link":"https:\/\/www.stimportacoes.com.br\/en\/aviso-de-privacidade-1\/","title":{"rendered":"Aviso de Privacidade"},"content":{"rendered":"\n<p><strong>1. Qual o prop\u00f3sito do Aviso de Privacidade?<\/strong>&nbsp;<\/p>\n\n\n\n<p>A <strong>ST Importa\u00e7\u00f5es<\/strong> tem o compromisso com a transpar\u00eancia, a privacidade e a seguran\u00e7a dos dados dos usu\u00e1rios do site durante todo o processo de intera\u00e7\u00e3o com nosso site.<\/p>\n\n\n\n<p>O Aviso de Privacidade, detalhado a seguir, demonstra como os seus dados pessoais s\u00e3o tratados, quais informa\u00e7\u00f5es coletamos e como as utilizamos, armazenamos ou exclu\u00edmos, em linha com as disposi\u00e7\u00f5es da Lei Geral de Prote\u00e7\u00e3o de Dados (Lei 13.709\/18).&nbsp;<\/p>\n\n\n\n<p><strong>2. Defini\u00e7\u00f5es importantes:<\/strong><\/p>\n\n\n\n<p>Para que o Aviso de Privacidade seja bem compreendido, \u00e9 fundamental esclarecer alguns conceitos importantes:<\/p>\n\n\n\n<p><strong>a)<\/strong> A <strong>ST Importa\u00e7\u00f5es<\/strong> faz parte da&nbsp;<strong>Americanas S.A.<\/strong> \u2013 Em Recupera\u00e7\u00e3o Judicial, aqui denominada apenas <strong>Americanas S.A.,<\/strong> que \u00e9 composta pelas empresas listadas abaixo:<\/p>\n\n\n\n<p>Americanas S.A.\u2013 00.776.574\/0006-60<\/p>\n\n\n\n<p>Ame Digital Brasil Ltda. \u2013 32.778.350\/0001-70<\/p>\n\n\n\n<p>BIT Services Inova\u00e7\u00e3o e Tecnologia Ltda. \u2013 03.789.968\/0001-37<\/p>\n\n\n\n<p>ST Importa\u00e7\u00f5es Ltda. \u2013 02.867.220\/0001-42<\/p>\n\n\n\n<p>Courrieros Transportes Ltda. \u2013 29.386.039\/0001-70<\/p>\n\n\n\n<p>Ecolog\u00edstica Entregas Sustent\u00e1veis Ltda. \u2013 22.236.389\/0001-01<\/p>\n\n\n\n<p>Ecolivery Courrieros Ltda \u2013 16.890.506\/0001-53<\/p>\n\n\n\n<p>Click-Rodo Entregas LTDA. &#8211; 15.121.491\/0009-53<\/p>\n\n\n\n<p>Supernow Portal e Servi\u00e7os de Internet Ltda. \u2013 23.559.907\/0001-90<\/p>\n\n\n\n<p><strong>b) Usu\u00e1rio&nbsp;<\/strong>\u2013 toda pessoa natural que navega em nosso site.<\/p>\n\n\n\n<p><strong>c) Cliente \u2013&nbsp;<\/strong>toda pessoa natural ou jur\u00eddica que adquire os servi\u00e7os da ST Importa\u00e7\u00f5es.<\/p>\n\n\n\n<p><strong>d) Dados pessoais<\/strong>&nbsp;\u2013 qualquer informa\u00e7\u00e3o relacionada a uma pessoa natural que a identifique ou que, usada em combina\u00e7\u00e3o com outras informa\u00e7\u00f5es tratadas, identifique um indiv\u00edduo. Ainda, qualquer informa\u00e7\u00e3o por meio da qual seja poss\u00edvel identificar uma pessoa ou entrar em contato com ela.<\/p>\n\n\n\n<p><strong>e)<\/strong>&nbsp;<strong>Tratamento de dados pessoais<\/strong>&nbsp;\u2013 considera-se tratamento de dado pessoal a coleta, produ\u00e7\u00e3o, recep\u00e7\u00e3o, classifica\u00e7\u00e3o, utiliza\u00e7\u00e3o, acesso, reprodu\u00e7\u00e3o, transmiss\u00e3o, distribui\u00e7\u00e3o, processamento, arquivamento, armazenamento, elimina\u00e7\u00e3o, avalia\u00e7\u00e3o ou controle da informa\u00e7\u00e3o, comunica\u00e7\u00e3o, transfer\u00eancia, difus\u00e3o ou extra\u00e7\u00e3o de dados de pessoas naturais.<\/p>\n\n\n\n<p><strong>f) Titular de dados<\/strong>&nbsp;\u2013 qualquer pessoa natural que tenha seus dados pessoais tratados pela ST Importa\u00e7\u00f5es.<\/p>\n\n\n\n<p><strong>g) Finalidade<\/strong>&nbsp;\u2013 o que queremos alcan\u00e7ar com o tratamento de dados pessoais.<br><strong>h) Necessidade<\/strong>&nbsp;\u2013 o tratamento de dados pessoais deve se limitar ao&nbsp;m\u00ednimo necess\u00e1rio&nbsp;para o prop\u00f3sito almejado. Ou seja, deve ser pertinente, proporcional e n\u00e3o excessivo.<br><strong>i) Consentimento<\/strong>&nbsp;\u2013 autoriza\u00e7\u00e3o livre, informada e inequ\u00edvoca que o titular d\u00e1 para tratamento de seus dados pessoais com finalidade previamente estipulada. Ap\u00f3s dar o&nbsp;<strong>consentimento<\/strong>,&nbsp;<strong><u>voc\u00ea pode&nbsp;revog\u00e1-lo a qualquer momento<\/u><\/strong>. A revoga\u00e7\u00e3o n\u00e3o cancela o tratamento realizado previamente.<\/p>\n\n\n\n<p><strong>3.&nbsp;&nbsp;&nbsp; A quem esse Aviso de Privacidade se aplica?<\/strong><\/p>\n\n\n\n<p>Aplica-se a todos os usu\u00e1rios e clientes da <strong>ST Importa\u00e7\u00f5es<\/strong>, que de alguma forma, tenham os dados pessoais tratados por n\u00f3s.<\/p>\n\n\n\n<p>A utiliza\u00e7\u00e3o da nossa plataforma implica a aceita\u00e7\u00e3o deste Aviso de Privacidade.<\/p>\n\n\n\n<p><strong>4.&nbsp;&nbsp;&nbsp; Que tipo de informa\u00e7\u00f5es pessoais tratamos?<\/strong><\/p>\n\n\n\n<p>A <strong>ST Importa\u00e7\u00f5es<\/strong> coleta e armazena os seguintes tipos de informa\u00e7\u00f5es:<\/p>\n\n\n\n<p><br><strong>Informa\u00e7\u00f5es que voc\u00ea nos fornece:&nbsp;<\/strong>A <strong>ST Importa\u00e7\u00f5es<\/strong> coleta informa\u00e7\u00f5es do Cliente de diversas formas, como quando voc\u00ea preenche formul\u00e1rio com seus dados pessoais no nosso site solicitando atendimento; quando voc\u00ea deseja ser um parceiro log\u00edstico da <strong>ST Importa\u00e7\u00f5es<\/strong> ou quando voc\u00ea nos envia um e-mail para falar sobre a troca ou conserto de um produto.<\/p>\n\n\n\n<p>Dentre as informa\u00e7\u00f5es que podem ser solicitadas est\u00e3o: Nome Completo, E-mail e CPF.<\/p>\n\n\n\n<p><strong>Informa\u00e7\u00f5es coletadas automaticamente pela ST Importa\u00e7\u00f5es:&nbsp;<\/strong>coletamos e armazenamos determinadas informa\u00e7\u00f5es sempre que o Cliente interage conosco. Por exemplo, utilizamos cookies e obtemos informa\u00e7\u00f5es quando seu navegador acessa o nosso site ou quando voc\u00ea clica em an\u00fancios, e-mails de parceiros e outros conte\u00fados fornecidos por n\u00f3s em outros sites.<\/p>\n\n\n\n<p><br><strong>5.&nbsp;&nbsp;&nbsp; Por que solicitamos seus dados pessoais?<\/strong><\/p>\n\n\n\n<p>Os dados s\u00e3o necess\u00e1rios para:<\/p>\n\n\n\n<ul>\n<li>responder as mensagens que s\u00e3o enviadas pelo site;<\/li>\n\n\n\n<li>dar o devido tratamento \u00e0s solicita\u00e7\u00f5es de troca ou conserto de produtos adquiridos;<\/li>\n\n\n\n<li>garantir a seguran\u00e7a do site e dos dados que processa.<\/li>\n<\/ul>\n\n\n\n<p>O fornecimento dos dados nos permite:<\/p>\n\n\n\n<ul>\n<li>entregar os servi\u00e7os adquiridos;<\/li>\n\n\n\n<li>prestar servi\u00e7os adequados \u00e0s necessidadesdo Cliente;<\/li>\n\n\n\n<li>coordenar com parceiros a entrega ou disponibiliza\u00e7\u00e3o de servi\u00e7os;<\/li>\n\n\n\n<li>&nbsp;melhorar a experi\u00eancia de navega\u00e7\u00e3o dos usu\u00e1rios no nosso site;<\/li>\n\n\n\n<li>responder as suas d\u00favidas e atender suas solicita\u00e7\u00f5es.<\/li>\n<\/ul>\n\n\n\n<p>A <strong>ST Importa\u00e7\u00f5es<\/strong> utiliza bases legais, que podem variar de acordo com a finalidade da coleta, para tratar os dados pessoais dos clientes.<\/p>\n\n\n\n<p>Em geral, o tratamento dos dados pessoais estar\u00e1 embasado no cumprimento de obriga\u00e7\u00e3o legal ou regulat\u00f3ria, na execu\u00e7\u00e3o de contrato ou de procedimento contratual preliminar, no exerc\u00edcio regular de direitos em processo, no leg\u00edtimo interesse ou no consentimento, encontrando fundamento em uma das bases legais previstas nos artigos 7\u00ba e 11\u00ba da LGPD.<\/p>\n\n\n\n<p><strong>6.&nbsp;&nbsp;&nbsp; Com quem compartilhamos seus dados?<\/strong><\/p>\n\n\n\n<p>Todo compartilhamento objetiva o fornecimento e a melhoria de nossos servi\u00e7os e obedece \u00e0s medidas de seguran\u00e7a de natureza t\u00e9cnica e administrativa necess\u00e1rias.<\/p>\n\n\n\n<p>As informa\u00e7\u00f5es coletadas s\u00e3o tratadas dentro da <strong>ST Importa\u00e7\u00f5es<\/strong> e somente ser\u00e3o compartilhadas quando forem necess\u00e1rias: (i) com empresas parceiras para presta\u00e7\u00e3o adequada dos servi\u00e7os objeto de suas atividades; (ii) prote\u00e7\u00e3o em caso de conflito; (iii) mediante decis\u00e3o judicial ou requisi\u00e7\u00e3o de autoridade competente; (iv) com empresas provedoras de infraestrutura tecnol\u00f3gica e operacional, como provedoras de servi\u00e7o de armazenamento de informa\u00e7\u00f5es.<\/p>\n\n\n\n<p>Links para terceiros dentro do site da <strong>ST Importa\u00e7\u00f5es<\/strong> s\u00e3o regidos por Termos de Condi\u00e7\u00f5es de Uso e Aviso de Privacidade pr\u00f3prios.<\/p>\n\n\n\n<p><strong>7.&nbsp;&nbsp;&nbsp; Transfer\u00eancia Internacional de dados<\/strong><\/p>\n\n\n\n<p>A&nbsp;<strong>ST Importa\u00e7\u00f5es <\/strong>possui sua sede no Brasil e, em regra, armazenamos seus dados em nosso pa\u00eds. Contudo, como a internet \u00e9 um ambiente global e conecta pessoas e servi\u00e7os ao redor do mundo, em alguns casos, podemos transferir seus dados pessoais para outros pa\u00edses, com a finalidade de:<\/p>\n\n\n\n<ul>\n<li>presta\u00e7\u00e3o de servi\u00e7os, execu\u00e7\u00e3o de contrato e cumprimento de obriga\u00e7\u00f5es legais;<\/li>\n\n\n\n<li>utiliza\u00e7\u00e3o de servi\u00e7os tecnol\u00f3gicos, como provedores de computa\u00e7\u00e3o em nuvem e plataformas de suporte localizados fora do pa\u00eds.<\/li>\n<\/ul>\n\n\n\n<p>Nesses casos, as transfer\u00eancias s\u00e3o feitas em conformidade com o disposto nos&nbsp;<strong>artigos 33 a 36 da Lei n\u00ba 13.709\/2018 (LGPD)<\/strong>&nbsp;e com a&nbsp;<strong>Resolu\u00e7\u00e3o CD\/ANPD n\u00ba 19\/2024<\/strong>, que regulamento o tratamento de dados pessoais em outros pa\u00edses.<\/p>\n\n\n\n<p>Adotamos&nbsp;<strong>medidas t\u00e9cnicas, organizacionais e contratuais<\/strong>&nbsp;<strong>adequadas<\/strong>&nbsp;para garantir que o tratamento realizado no exterior ocorra, no m\u00ednimo, com o mesmo n\u00edvel de prote\u00e7\u00e3o exigido pela legisla\u00e7\u00e3o brasileira.<\/p>\n\n\n\n<p>Todas as transfer\u00eancias s\u00e3o realizadas de forma segura e os dados s\u00e3o armazenados apenas pelo tempo necess\u00e1rio para atender \u00e0s finalidades informadas neste Aviso.<\/p>\n\n\n\n<p><br><strong>8.&nbsp;&nbsp;&nbsp; Por quanto tempo armazenamos informa\u00e7\u00f5es pessoais?<\/strong><\/p>\n\n\n\n<p>Os dados pessoais tratados pela <strong>ST Importa\u00e7\u00f5es<\/strong> ser\u00e3o armazenados durante o tempo em que estiver vigente o contrato (art. 7\u00ba, inciso V da LGPD). Ap\u00f3s o seu t\u00e9rmino, as informa\u00e7\u00f5es do usu\u00e1rio, incluindo dados pessoais de terceiros, ser\u00e3o armazenadas de acordo com as normas de prescri\u00e7\u00e3o do Direito brasileiro, salvo se o tratamento tiver como base o consentimento do titular, que poder\u00e1 ser revogado a qualquer tempo.<\/p>\n\n\n\n<p>Depois do prazo prescricional, os dados pessoais ainda poder\u00e3o ser tratados pela <strong>ST Importa\u00e7\u00f5es <\/strong>nos seguintes casos, conforme o art. 16\u00ba da LGPD:<\/p>\n\n\n\n<p>I &#8211; cumprimento de obriga\u00e7\u00e3o legal ou regulat\u00f3ria pelo controlador;<\/p>\n\n\n\n<p>II &#8211; estudo por \u00f3rg\u00e3o de pesquisa, garantida, sempre que poss\u00edvel, a anonimiza\u00e7\u00e3o dos dados pessoais;<\/p>\n\n\n\n<p>III &#8211; transfer\u00eancia a terceiro, desde que respeitados os requisitos de tratamento de dados dispostos na Lei; ou<\/p>\n\n\n\n<p>IV &#8211; uso exclusivo do controlador, vedado seu acesso por terceiro, e desde que anonimizados os dados.<\/p>\n\n\n\n<p><br><strong>9.&nbsp;&nbsp;&nbsp; Quais s\u00e3o os direitos do titular de dados?<\/strong><\/p>\n\n\n\n<p>O titular dos dados pessoais tem o direito de obter da <strong>ST Importa\u00e7\u00f5es<\/strong>, a qualquer momento, mediante requisi\u00e7\u00e3o formal, informa\u00e7\u00f5es referentes aos seus dados.<\/p>\n\n\n\n<p>Os titulares dos dados, segundo o texto da LGPD, podem exercer os seus direitos por meio de:<br>I &#8211; confirma\u00e7\u00e3o da exist\u00eancia de tratamento;<\/p>\n\n\n\n<p>II &#8211; acesso aos dados;<\/p>\n\n\n\n<p>III &#8211; corre\u00e7\u00e3o de dados incompletos, inexatos ou desatualizados;<\/p>\n\n\n\n<p>IV &#8211; anonimiza\u00e7\u00e3o, bloqueio ou elimina\u00e7\u00e3o de dados desnecess\u00e1rios, excessivos ou tratados em desconformidade com o disposto nesta Lei;<\/p>\n\n\n\n<p>V &#8211; portabilidade dos dados a outro fornecedor de servi\u00e7o ou produto, mediante requisi\u00e7\u00e3o expressa, de acordo com a regulamenta\u00e7\u00e3o da autoridade nacional, observados os segredos comercial e industrial;<\/p>\n\n\n\n<p>VI &#8211; elimina\u00e7\u00e3o dos dados pessoais tratados com o consentimento do titular;<\/p>\n\n\n\n<p>VII &#8211; informa\u00e7\u00e3o das entidades p\u00fablicas e privadas com as quais o controlador realizou uso compartilhado de dados;<\/p>\n\n\n\n<p>VIII &#8211; informa\u00e7\u00e3o sobre a possibilidade de n\u00e3o fornecer consentimento e sobre as consequ\u00eancias da negativa;<\/p>\n\n\n\n<p>IX &#8211; revoga\u00e7\u00e3o do consentimento.<\/p>\n\n\n\n<p>A&nbsp;<strong>ST Importa\u00e7\u00f5es<\/strong> empregar\u00e1 seus melhores esfor\u00e7os para ado\u00e7\u00e3o das medidas necess\u00e1rias dentro dos prazos indicados na LGPD e demais normas pertinentes. As solicita\u00e7\u00f5es ser\u00e3o analisadas conforme previsto na legisla\u00e7\u00e3o vigente e, por quest\u00f5es legais, algumas delas podem n\u00e3o ser atendidas. Como exemplo, a&nbsp;<strong>ST Importa\u00e7\u00f5es<\/strong> n\u00e3o poder\u00e1 atender uma solicita\u00e7\u00e3o de exclus\u00e3o quando a sua manuten\u00e7\u00e3o for necess\u00e1ria para execu\u00e7\u00e3o do contrato, obriga\u00e7\u00e3o legal\/regulat\u00f3ria, dentre outras hip\u00f3teses.<\/p>\n\n\n\n<p><br><strong>10.&nbsp;&nbsp;&nbsp; Como exercer os seus direitos?<\/strong><\/p>\n\n\n\n<p>Para exercer os seus direitos e enviar d\u00favidas, Voc\u00ea deve entra em contato pelo e-mail <a href=\"privacidade@americanas.com\">privacidade@americanas.com<\/a><a href=\"mailto:\"><\/a>.<\/p>\n\n\n\n<p><br><strong>11.&nbsp;&nbsp;&nbsp;Cookies e tecnologias semelhantes<\/strong><\/p>\n\n\n\n<p>Cookies s\u00e3o pequenos arquivos de dados que s\u00e3o colocados no seu computador ou em outros dispositivos (como &#8216;smartphones&#8217; ou &#8216;tablets&#8217;) enquanto voc\u00ea navega no site.<\/p>\n\n\n\n<p>Utilizamos cookies, pixels e outras tecnologias (coletivamente, &#8220;cookies&#8221;) para reconhecer seu navegador ou dispositivo, aprender mais sobre seus interesses, fornecer recursos e servi\u00e7os essenciais e tamb\u00e9m para:<\/p>\n\n\n\n<ol style=\"list-style-type:lower-alpha\">\n<li>realiza\u00e7\u00e3o de pesquisas e diagn\u00f3sticos para melhorar o conte\u00fado, produtos e servi\u00e7os;<\/li>\n\n\n\n<li>impedir atividades fraudulentas;<\/li>\n\n\n\n<li>melhorar a seguran\u00e7a.<\/li>\n<\/ol>\n\n\n\n<p>Se quiser, voc\u00ea pode desativar uma parte ou a totalidade dos cookies. No entanto, desativ\u00e1-los pode prejudicar a navega\u00e7\u00e3o, fazendo com que algumas funcionalidades do site n\u00e3o funcionem corretamente.<\/p>\n\n\n\n<p>Clique em &#8216;Ajuda&#8217;, nas configura\u00e7\u00f5es do seu navegador, para saber como impedi-lo de aceitar cookies e para ser notificado quando receber novos para ver quando eles expiram e para desativ\u00e1-los. Nos links abaixo voc\u00ea encontra mais detalhes sobre como desativar os cookies dos navegadores mais populares:<\/p>\n\n\n\n<ul>\n<li><a href=\"https:\/\/support.google.com\/chrome\/answer\/95647?co=GENIE.Platform%3DDesktop&#038;oco=1&#038;hl=pt-BR\"><strong>Google Chrome<\/strong><\/a><\/li>\n\n\n\n<li><a href=\"https:\/\/support.mozilla.org\/pt-BR\/kb\/gerencie-configuracoes-de-armazenamento-local-de-s\"><strong>Mozilla Firefox<\/strong><\/a><\/li>\n\n\n\n<li><a href=\"https:\/\/support.apple.com\/pt-br\/guide\/safari\/sfri11471\/mac\"><strong>Safari<\/strong><\/a><\/li>\n\n\n\n<li><a href=\"https:\/\/support.microsoft.com\/pt-br\/help\/4027947\/microsoft-edge-delete-cookies\"><strong>Microsoft Edge<\/strong><\/a><\/li>\n\n\n\n<li><a href=\"https:\/\/help.opera.com\/en\/latest\/web-preferences\/#cookies\"><strong>Opera<\/strong><\/a><\/li>\n<\/ul>\n\n\n\n<p><strong>12. Como voc\u00ea pode manter suas informa\u00e7\u00f5es pessoais seguras?<\/strong><\/p>\n\n\n\n<p>A <strong>ST Importa\u00e7\u00f5es<\/strong> emprega medidas de seguran\u00e7a de natureza t\u00e9cnica e administrativa adequadas para proteger os dados pessoais sob seu controle. A Companhia tamb\u00e9m se compromete a manter a confidencialidade, integridade e disponibilidade de quaisquer informa\u00e7\u00f5es disponibilizadas pelo usu\u00e1rio ou a ele relacionadas.<\/p>\n\n\n\n<p>Apesar de utilizar os melhores protocolos de seguran\u00e7a para preservar a privacidade dos dados dos usu\u00e1rios, recomendamos medidas de prote\u00e7\u00e3o individual. Para manter a seguran\u00e7a e prote\u00e7\u00e3o dos dados pessoais fornecidos no cadastro, nunca compartilhe login e senha com terceiros. Al\u00e9m disso, ao acessar o seu cadastro na plataforma, principalmente em computadores p\u00fablicos, certifique-se de que voc\u00ea realizou o logout da sua conta para evitar que pessoas n\u00e3o autorizadas acessem e utilizem as informa\u00e7\u00f5es sem o seu conhecimento.<\/p>\n\n\n\n<p>Voc\u00ea \u00e9 o \u00fanico e exclusivo respons\u00e1vel por todas as atividades em sua conta na plataforma e deve informar <strong>a ST Importa\u00e7\u00f5es<\/strong>, imediatamente, acerca de qualquer uso ou suspeita de uso n\u00e3o autorizado de sua conta ou qualquer outra viola\u00e7\u00e3o de seguran\u00e7a. A <strong>ST Importa\u00e7\u00f5es<\/strong> n\u00e3o ser\u00e1 respons\u00e1vel por quaisquer danos resultantes de acessos n\u00e3o autorizados ou movimenta\u00e7\u00e3o da conta do usu\u00e1rio, pois a senha \u00e9 pessoal e de seu conhecimento exclusivo.<\/p>\n\n\n\n<p><strong>Aten\u00e7\u00e3o!<\/strong> N\u00e3o entramos em contato por telefone, WhatsApp, SMS ou e-mail solicitando dados pessoais ou senhas. Em nenhuma hip\u00f3tese eles devem ser fornecidos, pois pode ser uma tentativa de uso indevido.<\/p>\n\n\n\n<p><br><strong>13.Como entrar em contato com o Encarregado pela Prote\u00e7\u00e3o de Dados Pessoais da ST Importa\u00e7\u00f5es?<\/strong><\/p>\n\n\n\n<p>O Encarregado pela prote\u00e7\u00e3o de dados pessoais \u00e9 o respons\u00e1vel escolhido pela<strong> ST Importa\u00e7\u00f5es<\/strong> para atuar como canal de comunica\u00e7\u00e3o entre o controlador, os titulares dos dados e a Autoridade Nacional de Prote\u00e7\u00e3o de Dados (ANPD).<\/p>\n\n\n\n<p>Voc\u00ea pode entrar em contato com o nosso Encarregado pelos dados pessoais, <strong>Du\u00edlio de Novaes Alves<\/strong>, pelo e-mail&nbsp;<a href=\"mailto:privacidade@americanas.com\">privacidade@americanas.com<\/a>.<\/p>\n\n\n\n<p>No caso de eventuais aus\u00eancias, impedimentos e vac\u00e2ncias do Encarregado, a fun\u00e7\u00e3o ser\u00e1 exercida por sua substituta, <strong>Maria Cl\u00e1udia Dias Gouveia Chaves<\/strong>, tamb\u00e9m dispon\u00edvel pelo e-mail <a href=\"privacidade@americanas.com\">privacidade@americanas.com<\/a>.<\/p>\n\n\n\n<p><strong>14. Atualiza\u00e7\u00e3o do Aviso de Privacidade<\/strong><\/p>\n\n\n\n<p>Para garantir que as regras est\u00e3o claras e precisas, e em linha com as disposi\u00e7\u00f5es legais, esse Aviso de Privacidade pode ser alterado a qualquer momento. A vers\u00e3o revisada ser\u00e1 publicada neste site, junto com a data de efetiva\u00e7\u00e3o do documento.<\/p>\n\n\n\n<p><br><strong>15.Legisla\u00e7\u00e3o e foro<\/strong><\/p>\n\n\n\n<p>Este Aviso ser\u00e1 regido, interpretado e executado de acordo com as Leis da Rep\u00fablica Federativa do Brasil, especialmente a Lei n\u00ba 13.709\/2018, independentemente das Leis de outros estados ou pa\u00edses, sendo competente o foro de domic\u00edlio do Cliente para dirimir qualquer d\u00favida decorrente deste documento.<\/p>\n\n\n\n<p><br><strong>16.\u00daltima atualiza\u00e7\u00e3o e vers\u00f5es anteriores<\/strong><\/p>\n\n\n\n<p>A \u00faltima atualiza\u00e7\u00e3o deste Aviso de Privacidade foi realizada em 02 de Fevereiro de 2026.<\/p>\n\n\n\n<p><strong>Vers\u00f5es anteriores:<\/strong><\/p>\n\n\n\n<p>22 de janeiro de 2025 \u2013 <a href=\"https:\/\/www.stimportacoes.com.br\/en\/politica\/aviso-de-privacidade-2025\/\">Acesse aqui<\/a>.<\/p>\n\n\n\n<p>18 de junho de 2021 \u2013 <a href=\"https:\/\/www.stimportacoes.com.br\/en\/politica\/politica-de-privacidade-2021\/\">Acesse aqui<\/a>.<\/p>\n\n\n\n<hr class=\"wp-block-separator has-alpha-channel-opacity\"\/>\n\n\n\n<p><a id=\"_msocom_1\"><\/a><\/p>\n\n\n\n<p><a id=\"_msocom_2\"><\/a><\/p>\n","protected":false},"excerpt":{"rendered":"<p>1. Qual o prop\u00f3sito do Aviso de Privacidade?&nbsp; A ST Importa\u00e7\u00f5es tem o compromisso com a transpar\u00eancia, a privacidade e a seguran\u00e7a dos dados dos usu\u00e1rios do site durante todo o processo de intera\u00e7\u00e3o com nosso site. O Aviso de Privacidade, detalhado a seguir, demonstra como os seus dados pessoais s\u00e3o tratados, quais informa\u00e7\u00f5es coletamos [&hellip;]<\/p>\n","protected":false},"author":12,"featured_media":0,"parent":0,"menu_order":0,"comment_status":"closed","ping_status":"closed","template":"template-politica-de-privacidade-2.php","meta":{"footnotes":""},"acf":[],"yoast_head":"<!-- This site is optimized with the Yoast SEO plugin v16.6.1 - https:\/\/yoast.com\/wordpress\/plugins\/seo\/ -->\n<meta name=\"robots\" content=\"index, follow, max-snippet:-1, max-image-preview:large, max-video-preview:-1\" \/>\n<meta property=\"og:locale\" content=\"en_US\" \/>\n<meta property=\"og:type\" content=\"article\" \/>\n<meta property=\"og:title\" content=\"Aviso de Privacidade\" \/>\n<meta property=\"og:description\" content=\"1. Qual o prop\u00f3sito do Aviso de Privacidade?&nbsp; A ST Importa\u00e7\u00f5es tem o compromisso com a transpar\u00eancia, a privacidade e a seguran\u00e7a dos dados dos usu\u00e1rios do site durante todo o processo de intera\u00e7\u00e3o com nosso site. O Aviso de Privacidade, detalhado a seguir, demonstra como os seus dados pessoais s\u00e3o tratados, quais informa\u00e7\u00f5es coletamos [&hellip;]\" \/>\n<meta property=\"og:url\" content=\"https:\/\/www.stimportacoes.com.br\/pt\/aviso-de-privacidade-1\/\" \/>\n<meta property=\"og:site_name\" content=\"ST Importa\u00e7\u00f5es\" \/>\n<meta property=\"article:publisher\" content=\"https:\/\/www.facebook.com\/stimportacoes\" \/>\n<meta property=\"article:modified_time\" content=\"2026-02-02T20:40:45+00:00\" \/>\n<meta name=\"twitter:card\" content=\"summary_large_image\" \/>\n<meta name=\"twitter:label1\" content=\"Est. reading time\" \/>\n\t<meta name=\"twitter:data1\" content=\"16 minutes\" \/>\n<script type=\"application\/ld+json\" class=\"yoast-schema-graph\">{\"@context\":\"https:\/\/schema.org\",\"@graph\":[{\"@type\":\"WebSite\",\"@id\":\"https:\/\/www.stimportacoes.com.br\/#website\",\"url\":\"https:\/\/www.stimportacoes.com.br\/\",\"name\":\"ST Importa\\u00e7\\u00f5es\",\"description\":\"Solu\\u00e7\\u00f5es de com\\u00e9rcio exterior,  de forma \\u00e1gil e descomplicada.\",\"potentialAction\":[{\"@type\":\"SearchAction\",\"target\":{\"@type\":\"EntryPoint\",\"urlTemplate\":\"https:\/\/www.stimportacoes.com.br\/?s={search_term_string}\"},\"query-input\":\"required name=search_term_string\"}],\"inLanguage\":\"en-US\"},{\"@type\":\"WebPage\",\"@id\":\"https:\/\/www.stimportacoes.com.br\/pt\/aviso-de-privacidade-1\/#webpage\",\"url\":\"https:\/\/www.stimportacoes.com.br\/pt\/aviso-de-privacidade-1\/\",\"name\":\"[:pt]Aviso de Privacidade[:] - ST Importa\\u00e7\\u00f5es\",\"isPartOf\":{\"@id\":\"https:\/\/www.stimportacoes.com.br\/#website\"},\"datePublished\":\"2026-02-02T15:12:17+00:00\",\"dateModified\":\"2026-02-02T20:40:45+00:00\",\"breadcrumb\":{\"@id\":\"https:\/\/www.stimportacoes.com.br\/pt\/aviso-de-privacidade-1\/#breadcrumb\"},\"inLanguage\":\"en-US\",\"potentialAction\":[{\"@type\":\"ReadAction\",\"target\":[\"https:\/\/www.stimportacoes.com.br\/pt\/aviso-de-privacidade-1\/\"]}]},{\"@type\":\"BreadcrumbList\",\"@id\":\"https:\/\/www.stimportacoes.com.br\/pt\/aviso-de-privacidade-1\/#breadcrumb\",\"itemListElement\":[{\"@type\":\"ListItem\",\"position\":1,\"name\":\"Aviso de Privacidade\"}]}]}<\/script>\n<!-- \/ Yoast SEO plugin. -->","_links":{"self":[{"href":"https:\/\/www.stimportacoes.com.br\/en\/wp-json\/wp\/v2\/pages\/359"}],"collection":[{"href":"https:\/\/www.stimportacoes.com.br\/en\/wp-json\/wp\/v2\/pages"}],"about":[{"href":"https:\/\/www.stimportacoes.com.br\/en\/wp-json\/wp\/v2\/types\/page"}],"author":[{"embeddable":true,"href":"https:\/\/www.stimportacoes.com.br\/en\/wp-json\/wp\/v2\/users\/12"}],"replies":[{"embeddable":true,"href":"https:\/\/www.stimportacoes.com.br\/en\/wp-json\/wp\/v2\/comments?post=359"}],"version-history":[{"count":0,"href":"https:\/\/www.stimportacoes.com.br\/en\/wp-json\/wp\/v2\/pages\/359\/revisions"}],"wp:attachment":[{"href":"https:\/\/www.stimportacoes.com.br\/en\/wp-json\/wp\/v2\/media?parent=359"}],"curies":[{"name":"wp","href":"https:\/\/api.w.org\/{rel}","templated":true}]}}