 {"id":9,"date":"2021-06-11T14:38:23","date_gmt":"2021-06-11T14:38:23","guid":{"rendered":"http:\/\/nvx:8081\/wp\/stiinportacoes\/?page_id=5"},"modified":"2022-03-29T10:19:43","modified_gmt":"2022-03-29T13:19:43","slug":"quem-somos","status":"publish","type":"page","link":"https:\/\/www.stimportacoes.com.br\/en\/quem-somos\/","title":{"rendered":"Quem somos"},"content":{"rendered":"","protected":false},"excerpt":{"rendered":"","protected":false},"author":1,"featured_media":0,"parent":0,"menu_order":0,"comment_status":"closed","ping_status":"closed","template":"","meta":{"footnotes":""},"acf":[],"yoast_head":"<!-- This site is optimized with the Yoast SEO plugin v16.6.1 - https:\/\/yoast.com\/wordpress\/plugins\/seo\/ -->\n<meta name=\"description\" content=\"Quem Somos: A ST Importa\u00e7\u00f5es tem tradi\u00e7\u00e3o em com\u00e9rcio exterior no Brasil, desde 1998. com solu\u00e7\u00f5es inovadoras em compras internacionais.\" \/>\n<meta name=\"robots\" content=\"index, follow, max-snippet:-1, max-image-preview:large, max-video-preview:-1\" \/>\n<meta property=\"og:locale\" content=\"en_US\" \/>\n<meta property=\"og:type\" content=\"article\" \/>\n<meta property=\"og:title\" content=\"Quem somos\" \/>\n<meta property=\"og:description\" content=\"Quem Somos: A ST Importa\u00e7\u00f5es tem tradi\u00e7\u00e3o em com\u00e9rcio exterior no Brasil, desde 1998. com solu\u00e7\u00f5es inovadoras em compras internacionais.\" \/>\n<meta property=\"og:url\" content=\"http:\/\/10.123.96.68\/pt\/quem-somos\/\" \/>\n<meta property=\"og:site_name\" content=\"ST Importa\u00e7\u00f5es\" \/>\n<meta property=\"article:publisher\" content=\"https:\/\/www.facebook.com\/stimportacoes\" \/>\n<meta property=\"article:modified_time\" content=\"2022-03-29T13:19:43+00:00\" \/>\n<meta name=\"twitter:card\" content=\"summary_large_image\" \/>\n<script type=\"application\/ld+json\" class=\"yoast-schema-graph\">{\"@context\":\"https:\/\/schema.org\",\"@graph\":[{\"@type\":\"WebSite\",\"@id\":\"https:\/\/www.stimportacoes.com.br\/#website\",\"url\":\"https:\/\/www.stimportacoes.com.br\/\",\"name\":\"ST Importa\\u00e7\\u00f5es\",\"description\":\"Solu\\u00e7\\u00f5es de com\\u00e9rcio exterior,  de forma \\u00e1gil e descomplicada.\",\"potentialAction\":[{\"@type\":\"SearchAction\",\"target\":{\"@type\":\"EntryPoint\",\"urlTemplate\":\"https:\/\/www.stimportacoes.com.br\/?s={search_term_string}\"},\"query-input\":\"required name=search_term_string\"}],\"inLanguage\":\"en-US\"},{\"@type\":\"WebPage\",\"@id\":\"http:\/\/10.123.96.68\/pt\/quem-somos\/#webpage\",\"url\":\"http:\/\/10.123.96.68\/pt\/quem-somos\/\",\"name\":\"[:pt]Quem somos[:en]Quem somos[:] - ST Importa\\u00e7\\u00f5es\",\"isPartOf\":{\"@id\":\"https:\/\/www.stimportacoes.com.br\/#website\"},\"datePublished\":\"2021-06-11T14:38:23+00:00\",\"dateModified\":\"2022-03-29T13:19:43+00:00\",\"description\":\"Quem Somos: A ST Importa\\u00e7\\u00f5es tem tradi\\u00e7\\u00e3o em com\\u00e9rcio exterior no Brasil, desde 1998. com solu\\u00e7\\u00f5es inovadoras em compras internacionais.\",\"breadcrumb\":{\"@id\":\"http:\/\/10.123.96.68\/pt\/quem-somos\/#breadcrumb\"},\"inLanguage\":\"en-US\",\"potentialAction\":[{\"@type\":\"ReadAction\",\"target\":[\"http:\/\/10.123.96.68\/pt\/quem-somos\/\"]}]},{\"@type\":\"BreadcrumbList\",\"@id\":\"http:\/\/10.123.96.68\/pt\/quem-somos\/#breadcrumb\",\"itemListElement\":[{\"@type\":\"ListItem\",\"position\":1,\"name\":\"Quem somos\"}]}]}<\/script>\n<!-- \/ Yoast SEO plugin. -->","_links":{"self":[{"href":"https:\/\/www.stimportacoes.com.br\/en\/wp-json\/wp\/v2\/pages\/9"}],"collection":[{"href":"https:\/\/www.stimportacoes.com.br\/en\/wp-json\/wp\/v2\/pages"}],"about":[{"href":"https:\/\/www.stimportacoes.com.br\/en\/wp-json\/wp\/v2\/types\/page"}],"author":[{"embeddable":true,"href":"https:\/\/www.stimportacoes.com.br\/en\/wp-json\/wp\/v2\/users\/1"}],"replies":[{"embeddable":true,"href":"https:\/\/www.stimportacoes.com.br\/en\/wp-json\/wp\/v2\/comments?post=9"}],"version-history":[{"count":0,"href":"https:\/\/www.stimportacoes.com.br\/en\/wp-json\/wp\/v2\/pages\/9\/revisions"}],"wp:attachment":[{"href":"https:\/\/www.stimportacoes.com.br\/en\/wp-json\/wp\/v2\/media?parent=9"}],"curies":[{"name":"wp","href":"https:\/\/api.w.org\/{rel}","templated":true}]}}