 {"id":91,"date":"2021-06-28T10:37:22","date_gmt":"2021-06-28T13:37:22","guid":{"rendered":"https:\/\/wp.nacionalvox.com.br\/stimportacoes\/novo\/pt\/?page_id=91"},"modified":"2025-01-23T22:26:46","modified_gmt":"2025-01-24T01:26:46","slug":"politica-de-privacidade","status":"publish","type":"page","link":"https:\/\/www.stimportacoes.com.br\/en\/politica-de-privacidade\/","title":{"rendered":"Pol\u00edtica de privacidade"},"content":{"rendered":"\n<p>A ST Importa\u00e7\u00f5es tem o compromisso com a transpar\u00eancia, a privacidade e a seguran\u00e7a dos dados dos usu\u00e1rios do site durante todo o processo de navega\u00e7\u00e3o. Para que entendam melhor quais informa\u00e7\u00f5es coletamos e como as utilizamos, armazenamos ou exclu\u00edmos, detalhamos a seguir nossa Pol\u00edtica de Privacidade.<\/p>\n\n\n\n<p>Para que a Pol\u00edtica de Privacidade seja bem compreendida, \u00e9 fundamental esclarecer alguns conceitos importantes:<\/p>\n\n\n\n<p><strong>&#8211; Usu\u00e1rio <\/strong>\u2013 toda pessoa f\u00edsica que navega no site;<\/p>\n\n\n\n<p><strong>&#8211; Dados pessoais<\/strong> \u2013 qualquer informa\u00e7\u00e3o relacionada a uma pessoa que a identifique ou que, usada em combina\u00e7\u00e3o com outras informa\u00e7\u00f5es tratadas, identifique um indiv\u00edduo. Ainda, qualquer informa\u00e7\u00e3o por meio da qual seja poss\u00edvel identificar uma pessoa ou entrar em contato com ela.<\/p>\n\n\n\n<ul>\n<li><strong>Tratamento de dados pessoais<\/strong> \u2013 considera-se tratamento de dado pessoal a coleta, produ\u00e7\u00e3o, recep\u00e7\u00e3o, classifica\u00e7\u00e3o, utiliza\u00e7\u00e3o, acesso, reprodu\u00e7\u00e3o, transmiss\u00e3o, distribui\u00e7\u00e3o, processamento, arquivamento, armazenamento, elimina\u00e7\u00e3o, avalia\u00e7\u00e3o ou controle da informa\u00e7\u00e3o, comunica\u00e7\u00e3o, transfer\u00eancia, difus\u00e3o ou extra\u00e7\u00e3o de dados de pessoas f\u00edsicas.<\/li>\n<\/ul>\n\n\n\n<p><strong>&#8211; Titular de dados<\/strong> \u2013 qualquer pessoa f\u00edsica que tenha seus dados pessoais tratados pela ST Importa\u00e7\u00f5es;<\/p>\n\n\n\n<p><strong>&#8211; Finalidade<\/strong> \u2013 o que queremos alcan\u00e7ar com o tratamento de dados pessoais.<\/p>\n\n\n\n<p><strong>&#8211; Necessidade<\/strong> \u2013 o tratamento de dados pessoais deve se limitar ao m\u00ednimo necess\u00e1rio para o prop\u00f3sito almejado. Ou seja, deve ser pertinente, proporcional e n\u00e3o excessivo.<\/p>\n\n\n\n<p><strong>&#8211; Consentimento<\/strong> \u2013 autoriza\u00e7\u00e3o clara e objetiva que o titular d\u00e1 para tratamento de seus dados pessoais com finalidade previamente estipulada. Ap\u00f3s dar o <strong>consentimento<\/strong>, voc\u00ea pode&nbsp;<strong>revog\u00e1-lo a qualquer momento<\/strong>. A revoga\u00e7\u00e3o n\u00e3o cancela os processamentos realizados previamente.<\/p>\n\n\n\n<ul>\n<li>A ST Importa\u00e7\u00f5es faz parte da <strong>americanas s.a.<\/strong>, que \u00e9 composto pelas empresas listadas abaixo:<\/li>\n<\/ul>\n\n\n\n<ul>\n<li>ST Importa\u00e7\u00f5es Ltda. \u2013 02.867.220\/0001-42<\/li>\n\n\n\n<li>americanas s.a. \u2013 00.776.574\/0006-60<\/li>\n\n\n\n<li>BIT Services Inova\u00e7\u00e3o e Tecnologia Ltda. \u2013 03.789.968\/0001-37<\/li>\n\n\n\n<li>Digital Finance Promotora Ltda. \u2013 19.179.007\/0001-40<\/li>\n\n\n\n<li>Direct Express Log\u00edstica Integrada S.A. \u2013 05.886.614\/0001-36<\/li>\n\n\n\n<li>Submarino Finance Promotora de Cr\u00e9dito Ltda. \u2013 07.897.468\/0001-70<\/li>\n\n\n\n<li>Ame Digital Brasil Ltda. \u2013 32.778.350\/0001-70<\/li>\n\n\n\n<li>Ecolog\u00edstica Entregas Sustent\u00e1veis Ltda. \u2013 22.236.389\/0001-01<\/li>\n\n\n\n<li>Courrieros Transportes Ltda. \u2013 29.386.039\/0001-70<\/li>\n\n\n\n<li>Supernow Portal e Servi\u00e7os de Internet Ltda. \u2013 23.559.907\/0001-90<\/li>\n\n\n\n<li>Ecolivery Courrieros Ltda \u2013 16.890.506\/0001-53<\/li>\n<\/ul>\n\n\n\n<p><strong>1.&nbsp;&nbsp;&nbsp; A quem essa Pol\u00edtica de Privacidade se aplica?<\/strong><\/p>\n\n\n\n<p>Aplica-se a todos os usu\u00e1rios e clientes da ST Importa\u00e7\u00f5es, que de alguma forma tenham os dados pessoais tratados por n\u00f3s.<\/p>\n\n\n\n<p><strong>2.&nbsp;&nbsp;&nbsp; Que tipo de informa\u00e7\u00f5es pessoais coletamos e utilizamos?<\/strong><\/p>\n\n\n\n<p>A ST Importa\u00e7\u00f5es coleta e armazena os seguintes tipos de informa\u00e7\u00f5es:<\/p>\n\n\n\n<p><strong>Informa\u00e7\u00f5es que voc\u00ea nos fornece: <\/strong>A ST Importa\u00e7\u00f5es coleta informa\u00e7\u00f5es do usu\u00e1rio: quando voc\u00ea preenche um formul\u00e1rio no nosso site para nos enviar uma mensagem e nos fornece o nome e e-mail; quando voc\u00ea nos envia um e-mail para falar sobre a troca ou conserto de um produto e nos fornece nome completo, CPF, e-mail, endere\u00e7o e telefone.<\/p>\n\n\n\n<p><strong>3.&nbsp;&nbsp;&nbsp; Por que solicitamos seus dados pessoais?<\/strong><\/p>\n\n\n\n<p>Os dados s\u00e3o necess\u00e1rios para:<\/p>\n\n\n\n<ul>\n<li>responder as mensagens que s\u00e3o enviadas pelo site;<\/li>\n\n\n\n<li>dar o devido tratamento \u00e0s solicita\u00e7\u00f5es de troca ou conserto de produtos adquiridos.<\/li>\n<\/ul>\n\n\n\n<p>O fornecimento dos dados nos permite prestar servi\u00e7os adequados \u00e0s necessidades do usu\u00e1rio.<\/p>\n\n\n\n<p>A ST Importa\u00e7\u00f5es utiliza bases legais, que podem variar de acordo com a finalidade da coleta, para tratar os dados pessoais dos clientes. O prazo de armazenamento pode mudar conforme a base legal aplic\u00e1vel a cada situa\u00e7\u00e3o e a finalidade.<\/p>\n\n\n\n<p><strong>4.&nbsp;&nbsp;&nbsp; Com quem compartilhamos seus dados?<\/strong><\/p>\n\n\n\n<p>As informa\u00e7\u00f5es coletadas s\u00e3o tratadas dentro da americanas s.a. e somente ser\u00e3o compartilhadas quando forem necess\u00e1rias: (i) para dar devido tratamento \u00e0s solicita\u00e7\u00f5es de troca ou conserto de produtos adquiridos; (ii) prote\u00e7\u00e3o em caso de conflito; (iii) mediante decis\u00e3o judicial ou requisi\u00e7\u00e3o de autoridade competente; (iv) com empresas provedoras de infraestrutura tecnol\u00f3gica e operacional, como provedoras de servi\u00e7o de armazenamento de informa\u00e7\u00f5es.<\/p>\n\n\n\n<p><strong>5.&nbsp;&nbsp;&nbsp; Transfer\u00eancia Internacional de dados<\/strong><\/p>\n\n\n\n<p>Como a internet \u00e9 um ambiente global, determinados servi\u00e7os oferecidos pela ST Importa\u00e7\u00f5es podem demandar a transfer\u00eancia dos seus dados para outros pa\u00edses.<\/p>\n\n\n\n<p>Nesses casos, os dados s\u00e3o tratados de acordo com a LGPD (Lei Geral de Prote\u00e7\u00e3o de Dados) e demais legisla\u00e7\u00f5es de prote\u00e7\u00e3o. Tomamos medidas de seguran\u00e7a de acordo com nossas pol\u00edticas e adotamos cl\u00e1usulas padr\u00e3o nos contratos com fornecedores e prestadores de servi\u00e7o.<\/p>\n\n\n\n<p>Ao navegar em nosso site ou se comunicar conosco, voc\u00ea concorda com o tratamento de suas informa\u00e7\u00f5es, inclusive a transfer\u00eancia internacional de dados, quando necess\u00e1rio. Adotamos medidas para garantir que quaisquer informa\u00e7\u00f5es coletadas sejam tratadas com seguran\u00e7a, conforme os padr\u00f5es de prote\u00e7\u00e3o de dados e de acordo com esta Pol\u00edtica de Privacidade.<\/p>\n\n\n\n<p><strong>6.&nbsp;&nbsp;&nbsp; Por quanto tempo armazenamos informa\u00e7\u00f5es pessoais?<\/strong><\/p>\n\n\n\n<p>Armazenamos as informa\u00e7\u00f5es dos Clientes de acordo com as normas de prescri\u00e7\u00e3o do Direito brasileiro.<\/p>\n\n\n\n<p><strong>7.&nbsp;&nbsp;&nbsp; Quais s\u00e3o os direitos do titular de dados?<\/strong><\/p>\n\n\n\n<p>O titular dos dados pessoais tem o direito de obter da ST Importa\u00e7\u00f5es, a qualquer momento, mediante requisi\u00e7\u00e3o formal, informa\u00e7\u00f5es referentes aos seus dados.<\/p>\n\n\n\n<p>A ST Importa\u00e7\u00f5es ter\u00e1 15 dias para responder \u00e0s solicita\u00e7\u00f5es dos titulares. Os pedidos ser\u00e3o analisados conforme previsto em legisla\u00e7\u00e3o vigente e, por quest\u00f5es legais, algumas solicita\u00e7\u00f5es podem n\u00e3o ser atendidas.<\/p>\n\n\n\n<p>Os titulares dos dados, segundo o texto da LGPD, podem exercer os seus direitos por meio de:<\/p>\n\n\n\n<p>I &#8211; confirma\u00e7\u00e3o da exist\u00eancia de tratamento;<\/p>\n\n\n\n<p>II &#8211; acesso aos dados;<\/p>\n\n\n\n<p>III &#8211; corre\u00e7\u00e3o de dados incompletos, inexatos ou desatualizados;<\/p>\n\n\n\n<p>IV &#8211; anonimiza\u00e7\u00e3o, bloqueio ou elimina\u00e7\u00e3o de dados desnecess\u00e1rios, excessivos ou tratados em desconformidade com o disposto nesta Lei;<\/p>\n\n\n\n<p>V &#8211; portabilidade dos dados a outro fornecedor de servi\u00e7o ou produto, mediante requisi\u00e7\u00e3o expressa, de acordo com a regulamenta\u00e7\u00e3o da autoridade nacional, observados os segredos comercial e industrial;<\/p>\n\n\n\n<p>VI &#8211; elimina\u00e7\u00e3o dos dados pessoais tratados com o consentimento do titular;<\/p>\n\n\n\n<p>VII &#8211; informa\u00e7\u00e3o das entidades p\u00fablicas e privadas com as quais o controlador realizou uso compartilhado de dados;<\/p>\n\n\n\n<p>VIII &#8211; informa\u00e7\u00e3o sobre a possibilidade de n\u00e3o fornecer consentimento e sobre as consequ\u00eancias da negativa;<\/p>\n\n\n\n<p>IX &#8211; revoga\u00e7\u00e3o do consentimento.<\/p>\n\n\n\n<p><strong>8.&nbsp;&nbsp;&nbsp; Como exercer os seus direitos?<\/strong><\/p>\n\n\n\n<p>Voc\u00ea pode exercer seus direitos entrando em contato pelo e-mail <a href=\"mailto:comercial@stimporta%C3%A7%C3%B5es.com.br\">comercial@stimporta\u00e7\u00f5es.com.br<\/a>.<\/p>\n\n\n\n<p><strong>9.&nbsp;&nbsp;&nbsp; Como voc\u00ea pode manter suas informa\u00e7\u00f5es pessoais seguras?<\/strong><\/p>\n\n\n\n<p>A ST Importa\u00e7\u00f5es utiliza os melhores protocolos de seguran\u00e7a para preservar a privacidade dos dados dos usu\u00e1rios, mas tamb\u00e9m recomenda medidas de prote\u00e7\u00e3o individual.<\/p>\n\n\n\n<p>N\u00e3o entramos em contato por telefone, WhatsApp, SMS ou e-mail solicitando dados pessoais. Em nenhuma hip\u00f3tese eles devem ser fornecidos, pois pode ser uma tentativa de uso indevido.<\/p>\n\n\n\n<p><strong>10.Outras informa\u00e7\u00f5es importantes sobre prote\u00e7\u00e3o de dados<\/strong><\/p>\n\n\n\n<p>Para garantir que as regras est\u00e3o claras e precisas, podemos alterar essa pol\u00edtica a qualquer momento, publicando a Pol\u00edtica de Privacidade revisada neste site e indicando a data de efetiva\u00e7\u00e3o do documento.<\/p>\n\n\n\n<p><strong>11.Como entrar em contato com o encarregado da prote\u00e7\u00e3o de dados da ST Importa\u00e7\u00f5es?<\/strong><\/p>\n\n\n\n<p>O encarregado da prote\u00e7\u00e3o de dados \u00e9 o respons\u00e1vel escolhido pela ST Importa\u00e7\u00f5es para atuar como canal de comunica\u00e7\u00e3o entre o controlador, os titulares dos dados e a Autoridade Nacional de Prote\u00e7\u00e3o de Dados (ANPD).<\/p>\n\n\n\n<p>Qualquer d\u00favida sobre tratamento de dados pessoais poder\u00e1 ser encaminhada para o e-mailprivacidade@stimportacoes.com.br.<\/p>\n\n\n\n<p><strong>12.Legisla\u00e7\u00e3o e foro<\/strong><\/p>\n\n\n\n<p>Esta pol\u00edtica ser\u00e1 regida, interpretada e executada de acordo com as Leis da Rep\u00fablica Federativa do Brasil, especialmente a Lei n\u00ba 13.709\/2018, independentemente das Leis de outros estados ou pa\u00edses, sendo competente o foro de domic\u00edlio do Cliente para dirimir qualquer d\u00favida decorrente deste documento.<\/p>\n\n\n\n<p><strong>13.\u00daltima atualiza\u00e7\u00e3o e vers\u00f5es anteriores<\/strong><\/p>\n\n\n\n<p><strong>\u00daltima atualiza\u00e7\u00e3o: 18 de junho de 2021<\/strong><\/p>\n","protected":false},"excerpt":{"rendered":"<p>A ST Importa\u00e7\u00f5es tem o compromisso com a transpar\u00eancia, a privacidade e a seguran\u00e7a dos dados dos usu\u00e1rios do site durante todo o processo de navega\u00e7\u00e3o. Para que entendam melhor quais informa\u00e7\u00f5es coletamos e como as utilizamos, armazenamos ou exclu\u00edmos, detalhamos a seguir nossa Pol\u00edtica de Privacidade. Para que a Pol\u00edtica de Privacidade seja bem [&hellip;]<\/p>\n","protected":false},"author":1,"featured_media":0,"parent":0,"menu_order":0,"comment_status":"closed","ping_status":"closed","template":"template-politica-de-privacidade-1.php","meta":{"footnotes":""},"acf":[],"yoast_head":"<!-- This site is optimized with the Yoast SEO plugin v16.6.1 - https:\/\/yoast.com\/wordpress\/plugins\/seo\/ -->\n<meta name=\"robots\" content=\"index, follow, max-snippet:-1, max-image-preview:large, max-video-preview:-1\" \/>\n<meta property=\"og:locale\" content=\"en_US\" \/>\n<meta property=\"og:type\" content=\"article\" \/>\n<meta property=\"og:title\" content=\"Pol\u00edtica de privacidade\" \/>\n<meta property=\"og:description\" content=\"A ST Importa\u00e7\u00f5es tem o compromisso com a transpar\u00eancia, a privacidade e a seguran\u00e7a dos dados dos usu\u00e1rios do site durante todo o processo de navega\u00e7\u00e3o. Para que entendam melhor quais informa\u00e7\u00f5es coletamos e como as utilizamos, armazenamos ou exclu\u00edmos, detalhamos a seguir nossa Pol\u00edtica de Privacidade. Para que a Pol\u00edtica de Privacidade seja bem [&hellip;]\" \/>\n<meta property=\"og:url\" content=\"https:\/\/www.stimportacoes.com.br\/pt\/politica-de-privacidade\/\" \/>\n<meta property=\"og:site_name\" content=\"ST Importa\u00e7\u00f5es\" \/>\n<meta property=\"article:publisher\" content=\"https:\/\/www.facebook.com\/stimportacoes\" \/>\n<meta property=\"article:modified_time\" content=\"2025-01-24T01:26:46+00:00\" \/>\n<meta name=\"twitter:card\" content=\"summary_large_image\" \/>\n<meta name=\"twitter:label1\" content=\"Est. reading time\" \/>\n\t<meta name=\"twitter:data1\" content=\"7 minutes\" \/>\n<script type=\"application\/ld+json\" class=\"yoast-schema-graph\">{\"@context\":\"https:\/\/schema.org\",\"@graph\":[{\"@type\":\"WebSite\",\"@id\":\"https:\/\/www.stimportacoes.com.br\/#website\",\"url\":\"https:\/\/www.stimportacoes.com.br\/\",\"name\":\"ST Importa\\u00e7\\u00f5es\",\"description\":\"Solu\\u00e7\\u00f5es de com\\u00e9rcio exterior,  de forma \\u00e1gil e descomplicada.\",\"potentialAction\":[{\"@type\":\"SearchAction\",\"target\":{\"@type\":\"EntryPoint\",\"urlTemplate\":\"https:\/\/www.stimportacoes.com.br\/?s={search_term_string}\"},\"query-input\":\"required name=search_term_string\"}],\"inLanguage\":\"en-US\"},{\"@type\":\"WebPage\",\"@id\":\"https:\/\/www.stimportacoes.com.br\/pt\/politica-de-privacidade\/#webpage\",\"url\":\"https:\/\/www.stimportacoes.com.br\/pt\/politica-de-privacidade\/\",\"name\":\"[:pt]Pol\\u00edtica de Privacidade[:en]Pol\\u00edtica de privacidade[:] - ST Importa\\u00e7\\u00f5es\",\"isPartOf\":{\"@id\":\"https:\/\/www.stimportacoes.com.br\/#website\"},\"datePublished\":\"2021-06-28T13:37:22+00:00\",\"dateModified\":\"2025-01-24T01:26:46+00:00\",\"breadcrumb\":{\"@id\":\"https:\/\/www.stimportacoes.com.br\/pt\/politica-de-privacidade\/#breadcrumb\"},\"inLanguage\":\"en-US\",\"potentialAction\":[{\"@type\":\"ReadAction\",\"target\":[\"https:\/\/www.stimportacoes.com.br\/pt\/politica-de-privacidade\/\"]}]},{\"@type\":\"BreadcrumbList\",\"@id\":\"https:\/\/www.stimportacoes.com.br\/pt\/politica-de-privacidade\/#breadcrumb\",\"itemListElement\":[{\"@type\":\"ListItem\",\"position\":1,\"name\":\"Pol\\u00edtica de Privacidade\"}]}]}<\/script>\n<!-- \/ Yoast SEO plugin. -->","_links":{"self":[{"href":"https:\/\/www.stimportacoes.com.br\/en\/wp-json\/wp\/v2\/pages\/91"}],"collection":[{"href":"https:\/\/www.stimportacoes.com.br\/en\/wp-json\/wp\/v2\/pages"}],"about":[{"href":"https:\/\/www.stimportacoes.com.br\/en\/wp-json\/wp\/v2\/types\/page"}],"author":[{"embeddable":true,"href":"https:\/\/www.stimportacoes.com.br\/en\/wp-json\/wp\/v2\/users\/1"}],"replies":[{"embeddable":true,"href":"https:\/\/www.stimportacoes.com.br\/en\/wp-json\/wp\/v2\/comments?post=91"}],"version-history":[{"count":0,"href":"https:\/\/www.stimportacoes.com.br\/en\/wp-json\/wp\/v2\/pages\/91\/revisions"}],"wp:attachment":[{"href":"https:\/\/www.stimportacoes.com.br\/en\/wp-json\/wp\/v2\/media?parent=91"}],"curies":[{"name":"wp","href":"https:\/\/api.w.org\/{rel}","templated":true}]}}