 {"id":10,"date":"2021-06-11T14:40:59","date_gmt":"2021-06-11T17:40:59","guid":{"rendered":"http:\/\/nvx:8081\/wp\/stiinportacoes\/?page_id=7"},"modified":"2022-03-29T10:26:48","modified_gmt":"2022-03-29T13:26:48","slug":"nossas-solucoes","status":"publish","type":"page","link":"https:\/\/www.stimportacoes.com.br\/pt\/nossas-solucoes\/","title":{"rendered":"Solu\u00e7\u00f5es"},"content":{"rendered":"","protected":false},"excerpt":{"rendered":"","protected":false},"author":1,"featured_media":0,"parent":0,"menu_order":0,"comment_status":"closed","ping_status":"closed","template":"","meta":{"footnotes":""},"acf":[],"yoast_head":"<!-- This site is optimized with the Yoast SEO plugin v16.6.1 - https:\/\/yoast.com\/wordpress\/plugins\/seo\/ -->\n<meta name=\"description\" content=\"Nossas solu\u00e7\u00f5es atendem toda a do processo de importa\u00e7\u00e3o. Oferecendo suporte operacional log\u00edstico, financeiro e seguran\u00e7a para sua empresa.\" \/>\n<meta name=\"robots\" content=\"index, follow, max-snippet:-1, max-image-preview:large, max-video-preview:-1\" \/>\n<meta property=\"og:locale\" content=\"pt_BR\" \/>\n<meta property=\"og:type\" content=\"article\" \/>\n<meta property=\"og:title\" content=\"Solu\u00e7\u00f5es\" \/>\n<meta property=\"og:description\" content=\"Nossas solu\u00e7\u00f5es atendem toda a do processo de importa\u00e7\u00e3o. Oferecendo suporte operacional log\u00edstico, financeiro e seguran\u00e7a para sua empresa.\" \/>\n<meta property=\"og:url\" content=\"https:\/\/dev.stimportacoes.com.br\/pt\/nossas-solucoes\/\" \/>\n<meta property=\"og:site_name\" content=\"ST Importa\u00e7\u00f5es\" \/>\n<meta property=\"article:publisher\" content=\"https:\/\/www.facebook.com\/stimportacoes\" \/>\n<meta property=\"article:modified_time\" content=\"2022-03-29T13:26:48+00:00\" \/>\n<meta name=\"twitter:card\" content=\"summary_large_image\" \/>\n<script type=\"application\/ld+json\" class=\"yoast-schema-graph\">{\"@context\":\"https:\/\/schema.org\",\"@graph\":[{\"@type\":\"WebSite\",\"@id\":\"https:\/\/www.stimportacoes.com.br\/#website\",\"url\":\"https:\/\/www.stimportacoes.com.br\/\",\"name\":\"ST Importa\\u00e7\\u00f5es\",\"description\":\"Solu\\u00e7\\u00f5es de com\\u00e9rcio exterior,  de forma \\u00e1gil e descomplicada.\",\"potentialAction\":[{\"@type\":\"SearchAction\",\"target\":{\"@type\":\"EntryPoint\",\"urlTemplate\":\"https:\/\/www.stimportacoes.com.br\/?s={search_term_string}\"},\"query-input\":\"required name=search_term_string\"}],\"inLanguage\":\"pt-BR\"},{\"@type\":\"WebPage\",\"@id\":\"https:\/\/dev.stimportacoes.com.br\/pt\/nossas-solucoes\/#webpage\",\"url\":\"https:\/\/dev.stimportacoes.com.br\/pt\/nossas-solucoes\/\",\"name\":\"[:pt]Solu\\u00e7\\u00f5es[:en]Nossas Solu\\u00e7\\u00f5es[:] - ST Importa\\u00e7\\u00f5es\",\"isPartOf\":{\"@id\":\"https:\/\/www.stimportacoes.com.br\/#website\"},\"datePublished\":\"2021-06-11T17:40:59+00:00\",\"dateModified\":\"2022-03-29T13:26:48+00:00\",\"description\":\"Nossas solu\\u00e7\\u00f5es atendem toda a do processo de importa\\u00e7\\u00e3o. Oferecendo suporte operacional log\\u00edstico, financeiro e seguran\\u00e7a para sua empresa.\",\"breadcrumb\":{\"@id\":\"https:\/\/dev.stimportacoes.com.br\/pt\/nossas-solucoes\/#breadcrumb\"},\"inLanguage\":\"pt-BR\",\"potentialAction\":[{\"@type\":\"ReadAction\",\"target\":[\"https:\/\/dev.stimportacoes.com.br\/pt\/nossas-solucoes\/\"]}]},{\"@type\":\"BreadcrumbList\",\"@id\":\"https:\/\/dev.stimportacoes.com.br\/pt\/nossas-solucoes\/#breadcrumb\",\"itemListElement\":[{\"@type\":\"ListItem\",\"position\":1,\"name\":\"Solu\\u00e7\\u00f5es\"}]}]}<\/script>\n<!-- \/ Yoast SEO plugin. -->","_links":{"self":[{"href":"https:\/\/www.stimportacoes.com.br\/pt\/wp-json\/wp\/v2\/pages\/10"}],"collection":[{"href":"https:\/\/www.stimportacoes.com.br\/pt\/wp-json\/wp\/v2\/pages"}],"about":[{"href":"https:\/\/www.stimportacoes.com.br\/pt\/wp-json\/wp\/v2\/types\/page"}],"author":[{"embeddable":true,"href":"https:\/\/www.stimportacoes.com.br\/pt\/wp-json\/wp\/v2\/users\/1"}],"replies":[{"embeddable":true,"href":"https:\/\/www.stimportacoes.com.br\/pt\/wp-json\/wp\/v2\/comments?post=10"}],"version-history":[{"count":0,"href":"https:\/\/www.stimportacoes.com.br\/pt\/wp-json\/wp\/v2\/pages\/10\/revisions"}],"wp:attachment":[{"href":"https:\/\/www.stimportacoes.com.br\/pt\/wp-json\/wp\/v2\/media?parent=10"}],"curies":[{"name":"wp","href":"https:\/\/api.w.org\/{rel}","templated":true}]}}