 {"id":194,"date":"2021-12-01T09:06:34","date_gmt":"2021-12-01T12:06:34","guid":{"rendered":"https:\/\/www.stimportacoes.com.br\/?page_id=194"},"modified":"2022-04-20T15:10:08","modified_gmt":"2022-04-20T18:10:08","slug":"santa-catarina","status":"publish","type":"page","link":"https:\/\/www.stimportacoes.com.br\/pt\/santa-catarina\/","title":{"rendered":"Santa Catarina"},"content":{"rendered":"\n<p>Com atua\u00e7\u00e3o no mercado h\u00e1 24 anos, desde 1998, com inova\u00e7\u00f5es em suas solu\u00e7\u00f5es, buscando sempre oferecer servi\u00e7os de qualidade, a ST Importa\u00e7\u00f5es visa entender as necessidades de seus clientes.&nbsp;<\/p>\n\n\n\n<p>Existem muitas tecnologias que est\u00e3o crescendo para o setor, e estamos preparados para oferecer a melhor solu\u00e7\u00e3o, de acordo com as opera\u00e7\u00f5es dos nossos clientes.&nbsp;<\/p>\n\n\n\n<p>Al\u00e9m disso, atualmente contamos com o Grupo Americanos S\/A em nosso conglomerado empresarial, aumentando nossa oferta de produtos e de servi\u00e7os, al\u00e9m de refor\u00e7ar a presen\u00e7a no setor varejista.&nbsp;<\/p>\n\n\n\n<p>O Estado de Santa Catarina, conta com mais de 7 milh\u00f5es de habitantes. Apesar de ser o menor estado da regi\u00e3o do Brasil, possui uma presen\u00e7a importante no mercado de importa\u00e7\u00f5es.&nbsp;<\/p>\n\n\n\n<p>Houve um aumento em 2021 no mercado de com\u00e9rcio internacional, com 10 bilh\u00f5es de d\u00f3lares em exporta\u00e7\u00f5es, e mais de 24 bilh\u00f5es de d\u00f3lares em importa\u00e7\u00e3o, com um crescimento nas duas opera\u00e7\u00f5es.&nbsp;<\/p>\n\n\n\n<p>A importa\u00e7\u00e3o de produtos em Santa Cataria possui um rol com muita diversifica\u00e7\u00e3o, s\u00f3 em 2021 a maior parte das importa\u00e7\u00f5es foram relacionadas \u00e0s mat\u00e9rias primas, e aos insumos industriais.&nbsp;<\/p>\n\n\n\n<p>O principal destaque foi para o Cobre, que registrou mais de 1 bilh\u00e3o de d\u00f3lares em importa\u00e7\u00f5es com o Chile, seguido de folhas de ferro e de a\u00e7o com 657 milh\u00f5es de d\u00f3lares para a China, e o polietileno com 517 milh\u00f5es de d\u00f3lares, para os Estados Unidos e para a Argentina.&nbsp;<\/p>\n\n\n\n<p>Al\u00e9m disso, houve registros para Om\u00e3 com a importa\u00e7\u00e3o de fertilizantes, com opera\u00e7\u00f5es superando 566 milh\u00f5es de d\u00f3lares.<\/p>\n\n\n\n<p>Em Santa Catarina, a ST Importa\u00e7\u00f5es conta com um escrit\u00f3rio presencial, e um Dep\u00f3sito Central para armazenamento das importa\u00e7\u00f5es dos nossos clientes. Com uma opera\u00e7\u00e3o especializada e totalmente segmentada, facilitando os servi\u00e7os e fechamento de novos contratos.&nbsp;<\/p>\n\n\n\n<p>Nosso escrit\u00f3rio est\u00e1 preparado para receber voc\u00ea, que est\u00e1 procurando por uma importadora, que ofere\u00e7a seguran\u00e7a para seu neg\u00f3cio e confian\u00e7a em suas opera\u00e7\u00f5es.<\/p>\n\n\n\n<p>Mas, se voc\u00ea est\u00e1 procurando pelos servi\u00e7os prestados em Santa Catarina para Importa\u00e7\u00f5es, d\u00ea uma olhada em <a href=\"https:\/\/www.stimportacoes.com.br\/pt\/nossas-solucoes\/\">nossa p\u00e1gina de solu\u00e7\u00f5es<\/a>, e veja qual a solu\u00e7\u00e3o melhor atende \u00e0s suas necessidades.&nbsp;<\/p>\n\n\n\n<p>Nossos especialistas estar\u00e3o a postos para lhe dar o melhor atendimento, focando em uma solu\u00e7\u00e3o personalizada. O atendimento \u00e9 feito totalmente online para sua maior comodidade.<\/p>\n","protected":false},"excerpt":{"rendered":"<p>Com atua\u00e7\u00e3o no mercado h\u00e1 24 anos, desde 1998, com inova\u00e7\u00f5es em suas solu\u00e7\u00f5es, buscando sempre oferecer servi\u00e7os de qualidade, a ST Importa\u00e7\u00f5es visa entender as necessidades de seus clientes.&nbsp; Existem muitas tecnologias que est\u00e3o crescendo para o setor, e estamos preparados para oferecer a melhor solu\u00e7\u00e3o, de acordo com as opera\u00e7\u00f5es dos nossos clientes.&nbsp; [&hellip;]<\/p>\n","protected":false},"author":1,"featured_media":0,"parent":0,"menu_order":0,"comment_status":"closed","ping_status":"closed","template":"page-tamplate-cidade.php","meta":{"footnotes":""},"acf":[],"yoast_head":"<!-- This site is optimized with the Yoast SEO plugin v16.6.1 - https:\/\/yoast.com\/wordpress\/plugins\/seo\/ -->\n<meta name=\"description\" content=\"Empresa de importa\u00e7\u00e3o em Santa Catarina. Nossas solu\u00e7\u00f5es atendem toda a cadeia do processo de importa\u00e7\u00e3o. Confira!\" \/>\n<meta name=\"robots\" content=\"index, follow, max-snippet:-1, max-image-preview:large, max-video-preview:-1\" \/>\n<meta property=\"og:locale\" content=\"pt_BR\" \/>\n<meta property=\"og:type\" content=\"article\" \/>\n<meta property=\"og:title\" content=\"Importadora em Santa Catarina - ST Importa\u00e7\u00f5es\" \/>\n<meta property=\"og:description\" content=\"Empresa de importa\u00e7\u00e3o em Santa Catarina. Nossas solu\u00e7\u00f5es atendem toda a cadeia do processo de importa\u00e7\u00e3o. Confira!\" \/>\n<meta property=\"og:url\" content=\"https:\/\/www.stimportacoes.com.br\/pt\/santa-catarina\/\" \/>\n<meta property=\"og:site_name\" content=\"ST Importa\u00e7\u00f5es\" \/>\n<meta property=\"article:publisher\" content=\"https:\/\/www.facebook.com\/stimportacoes\" \/>\n<meta property=\"article:modified_time\" content=\"2022-04-20T18:10:08+00:00\" \/>\n<meta name=\"twitter:card\" content=\"summary_large_image\" \/>\n<meta name=\"twitter:label1\" content=\"Est. reading time\" \/>\n\t<meta name=\"twitter:data1\" content=\"2 minutos\" \/>\n<script type=\"application\/ld+json\" class=\"yoast-schema-graph\">{\"@context\":\"https:\/\/schema.org\",\"@graph\":[{\"@type\":\"WebSite\",\"@id\":\"https:\/\/www.stimportacoes.com.br\/#website\",\"url\":\"https:\/\/www.stimportacoes.com.br\/\",\"name\":\"ST Importa\\u00e7\\u00f5es\",\"description\":\"Solu\\u00e7\\u00f5es de com\\u00e9rcio exterior,  de forma \\u00e1gil e descomplicada.\",\"potentialAction\":[{\"@type\":\"SearchAction\",\"target\":{\"@type\":\"EntryPoint\",\"urlTemplate\":\"https:\/\/www.stimportacoes.com.br\/?s={search_term_string}\"},\"query-input\":\"required name=search_term_string\"}],\"inLanguage\":\"pt-BR\"},{\"@type\":\"WebPage\",\"@id\":\"https:\/\/www.stimportacoes.com.br\/pt\/santa-catarina\/#webpage\",\"url\":\"https:\/\/www.stimportacoes.com.br\/pt\/santa-catarina\/\",\"name\":\"Importadora em Santa Catarina - ST Importa\\u00e7\\u00f5es\",\"isPartOf\":{\"@id\":\"https:\/\/www.stimportacoes.com.br\/#website\"},\"datePublished\":\"2021-12-01T12:06:34+00:00\",\"dateModified\":\"2022-04-20T18:10:08+00:00\",\"description\":\"Empresa de importa\\u00e7\\u00e3o em Santa Catarina. Nossas solu\\u00e7\\u00f5es atendem toda a cadeia do processo de importa\\u00e7\\u00e3o. Confira!\",\"breadcrumb\":{\"@id\":\"https:\/\/www.stimportacoes.com.br\/pt\/santa-catarina\/#breadcrumb\"},\"inLanguage\":\"pt-BR\",\"potentialAction\":[{\"@type\":\"ReadAction\",\"target\":[\"https:\/\/www.stimportacoes.com.br\/pt\/santa-catarina\/\"]}]},{\"@type\":\"BreadcrumbList\",\"@id\":\"https:\/\/www.stimportacoes.com.br\/pt\/santa-catarina\/#breadcrumb\",\"itemListElement\":[{\"@type\":\"ListItem\",\"position\":1,\"name\":\"Santa Catarina\"}]}]}<\/script>\n<!-- \/ Yoast SEO plugin. -->","_links":{"self":[{"href":"https:\/\/www.stimportacoes.com.br\/pt\/wp-json\/wp\/v2\/pages\/194"}],"collection":[{"href":"https:\/\/www.stimportacoes.com.br\/pt\/wp-json\/wp\/v2\/pages"}],"about":[{"href":"https:\/\/www.stimportacoes.com.br\/pt\/wp-json\/wp\/v2\/types\/page"}],"author":[{"embeddable":true,"href":"https:\/\/www.stimportacoes.com.br\/pt\/wp-json\/wp\/v2\/users\/1"}],"replies":[{"embeddable":true,"href":"https:\/\/www.stimportacoes.com.br\/pt\/wp-json\/wp\/v2\/comments?post=194"}],"version-history":[{"count":0,"href":"https:\/\/www.stimportacoes.com.br\/pt\/wp-json\/wp\/v2\/pages\/194\/revisions"}],"wp:attachment":[{"href":"https:\/\/www.stimportacoes.com.br\/pt\/wp-json\/wp\/v2\/media?parent=194"}],"curies":[{"name":"wp","href":"https:\/\/api.w.org\/{rel}","templated":true}]}}