 {"id":195,"date":"2021-12-01T09:06:56","date_gmt":"2021-12-01T12:06:56","guid":{"rendered":"https:\/\/www.stimportacoes.com.br\/?page_id=195"},"modified":"2022-04-14T17:45:01","modified_gmt":"2022-04-14T20:45:01","slug":"sao-paulo","status":"publish","type":"page","link":"https:\/\/www.stimportacoes.com.br\/pt\/sao-paulo\/","title":{"rendered":"S\u00e3o Paulo"},"content":{"rendered":"\n<p>A ST Importa\u00e7\u00f5es est\u00e1 no mercado desde 1998, oferecendo solu\u00e7\u00f5es inovadoras e customizadas para seus clientes. De forma que atenda aos requisitos atuais, e tecnologias presentes na atualidade.&nbsp;<\/p>\n\n\n\n<p>Para aumentar o potencial da empresa, o Grupo Americanas S\/A uniu-se ao grupo, incrementando o portf\u00f3lio de produtos e servi\u00e7os para importa\u00e7\u00e3o, al\u00e9m de aumentar a capacidade de opera\u00e7\u00e3o.<\/p>\n\n\n\n<p>A atua\u00e7\u00e3o foi refor\u00e7ada no mercado varejista, devido as opera\u00e7\u00f5es do Grupo Americanas S\/A.&nbsp;<\/p>\n\n\n\n<p>O Estado de S\u00e3o Paulo conta com mais de 12 milh\u00f5es de habitantes, sendo em um dos principais centros comerciais do Brasil.&nbsp;<\/p>\n\n\n\n<p>Por isso, ele possui muita representatividade no mercado de importa\u00e7\u00f5es nacional e internacional.<\/p>\n\n\n\n<p>No Brasil, S\u00e3o Paula ocupa a primeira posi\u00e7\u00e3o dos estados que mais importam no Brasil, o n\u00famero foi at\u00e9 maior do que o n\u00famero de exporta\u00e7\u00f5es, analisando os dados de 2019.&nbsp;<\/p>\n\n\n\n<p>Os principais segmentos de importa\u00e7\u00e3o movimentados por S\u00e3o Paulo, s\u00e3o:&nbsp;<\/p>\n\n\n\n<ul><li>Produtos manufaturados em geral;<\/li><li>Pe\u00e7as automotivas e partes de ve\u00edculos;<\/li><li>Inseticidas, herbicidas e produtos com o mesmo fim;<\/li><li>Circuitos para integra\u00e7\u00e3o eletr\u00f4nicos;<\/li><li>Combust\u00edveis em geral;<\/li><li>\u00d3leos brutos oriundos do Petr\u00f3leo.<\/li><\/ul>\n\n\n\n<p>Dessa forma, \u00e9 poss\u00edvel perceber que as importa\u00e7\u00f5es s\u00e3o bem segmentadas e variadas. Al\u00e9m disso, S\u00e3o Paulo \u00e9 o principal centro comercial e financeiro do Brasil, com o maior e mais completo parque industrial, atuando em diversas frentes de produ\u00e7\u00e3o.&nbsp;<\/p>\n\n\n\n<p>Os principais polos industriais, s\u00e3o:&nbsp;<\/p>\n\n\n\n<ul><li><strong>Metr\u00f3pole<\/strong>: existem ind\u00fastrias de tecnologia e autom\u00f3veis na regi\u00e3o central do estado;<\/li><li><strong>Vale do Para\u00edba<\/strong>: a produ\u00e7\u00e3o nesse parque \u00e9 focada em ve\u00edculos, aeronaves, tecnologia, qu\u00edmica, t\u00eaxtil e eletroeletr\u00f4nicos;<\/li><li><strong>Campinas<\/strong>: a produ\u00e7\u00e3o \u00e9 focada em petroqu\u00edmicas, t\u00eaxteis, tecnologias e pe\u00e7as automotivas em geral;<\/li><li><strong>Regi\u00e3o administrativa central<\/strong>: as principais empresas brasileiras est\u00e3o abrigadas ali, como a Electrolux, Faber-Castell e Volkswagen.<\/li><\/ul>\n\n\n\n<p>J\u00e1 em rela\u00e7\u00e3o ao com\u00e9rcio exterior, em 2021 o Brasil registrou mais de 454 milh\u00f5es de d\u00f3lares em negocia\u00e7\u00f5es. Onde, apenas de importa\u00e7\u00f5es foi mais de 198 milh\u00f5es de d\u00f3lares<\/p>\n\n\n\n<p>A maior parte das importa\u00e7\u00f5es feitas em 2021 est\u00e3o relacionadas com fertilizantes qu\u00edmicos e adubos, de uma forma geral.&nbsp;<\/p>\n\n\n\n<p>A t\u00edtulo de curiosidade, o produto com maior procura para exporta\u00e7\u00e3o foi o Min\u00e9rio de Ferro e seus concentrados.&nbsp;<\/p>\n\n\n\n<p>No entanto, se voc\u00ea est\u00e1 procurando pelos servi\u00e7os prestados em S\u00e3o Paulo para Importa\u00e7\u00f5es, d\u00ea uma olhada em <a href=\"https:\/\/www.stimportacoes.com.br\/pt\/nossas-solucoes\/\">nossa p\u00e1gina de solu\u00e7\u00f5es<\/a>, e veja qual a solu\u00e7\u00e3o melhor atende \u00e0s suas necessidades.&nbsp;<\/p>\n\n\n\n<p>Nossos especialistas estar\u00e3o a postos para lhe dar o melhor atendimento, focando em uma solu\u00e7\u00e3o personalizada. O atendimento \u00e9 feito totalmente online para sua maior comodidade.<\/p>\n","protected":false},"excerpt":{"rendered":"<p>A ST Importa\u00e7\u00f5es est\u00e1 no mercado desde 1998, oferecendo solu\u00e7\u00f5es inovadoras e customizadas para seus clientes. De forma que atenda aos requisitos atuais, e tecnologias presentes na atualidade.&nbsp; Para aumentar o potencial da empresa, o Grupo Americanas S\/A uniu-se ao grupo, incrementando o portf\u00f3lio de produtos e servi\u00e7os para importa\u00e7\u00e3o, al\u00e9m de aumentar a capacidade [&hellip;]<\/p>\n","protected":false},"author":1,"featured_media":0,"parent":0,"menu_order":0,"comment_status":"closed","ping_status":"closed","template":"page-tamplate-cidade.php","meta":{"footnotes":""},"acf":[],"yoast_head":"<!-- This site is optimized with the Yoast SEO plugin v16.6.1 - https:\/\/yoast.com\/wordpress\/plugins\/seo\/ -->\n<meta name=\"description\" content=\"Empresa de importa\u00e7\u00e3o em S\u00e3o Paulo. Nossas solu\u00e7\u00f5es atendem toda a cadeia do processo de importa\u00e7\u00e3o. Confira!\" \/>\n<meta name=\"robots\" content=\"index, follow, max-snippet:-1, max-image-preview:large, max-video-preview:-1\" \/>\n<meta property=\"og:locale\" content=\"pt_BR\" \/>\n<meta property=\"og:type\" content=\"article\" \/>\n<meta property=\"og:title\" content=\"Importadora em S\u00e3o Paulo - ST Importa\u00e7\u00f5es\" \/>\n<meta property=\"og:description\" content=\"Empresa de importa\u00e7\u00e3o em S\u00e3o Paulo. Nossas solu\u00e7\u00f5es atendem toda a cadeia do processo de importa\u00e7\u00e3o. Confira!\" \/>\n<meta property=\"og:url\" content=\"https:\/\/www.stimportacoes.com.br\/pt\/sao-paulo\/\" \/>\n<meta property=\"og:site_name\" content=\"ST Importa\u00e7\u00f5es\" \/>\n<meta property=\"article:publisher\" content=\"https:\/\/www.facebook.com\/stimportacoes\" \/>\n<meta property=\"article:modified_time\" content=\"2022-04-14T20:45:01+00:00\" \/>\n<meta name=\"twitter:card\" content=\"summary_large_image\" \/>\n<meta name=\"twitter:label1\" content=\"Est. reading time\" \/>\n\t<meta name=\"twitter:data1\" content=\"2 minutos\" \/>\n<script type=\"application\/ld+json\" class=\"yoast-schema-graph\">{\"@context\":\"https:\/\/schema.org\",\"@graph\":[{\"@type\":\"WebSite\",\"@id\":\"https:\/\/www.stimportacoes.com.br\/#website\",\"url\":\"https:\/\/www.stimportacoes.com.br\/\",\"name\":\"ST Importa\\u00e7\\u00f5es\",\"description\":\"Solu\\u00e7\\u00f5es de com\\u00e9rcio exterior,  de forma \\u00e1gil e descomplicada.\",\"potentialAction\":[{\"@type\":\"SearchAction\",\"target\":{\"@type\":\"EntryPoint\",\"urlTemplate\":\"https:\/\/www.stimportacoes.com.br\/?s={search_term_string}\"},\"query-input\":\"required name=search_term_string\"}],\"inLanguage\":\"pt-BR\"},{\"@type\":\"WebPage\",\"@id\":\"https:\/\/www.stimportacoes.com.br\/pt\/sao-paulo\/#webpage\",\"url\":\"https:\/\/www.stimportacoes.com.br\/pt\/sao-paulo\/\",\"name\":\"Importadora em S\\u00e3o Paulo - ST Importa\\u00e7\\u00f5es\",\"isPartOf\":{\"@id\":\"https:\/\/www.stimportacoes.com.br\/#website\"},\"datePublished\":\"2021-12-01T12:06:56+00:00\",\"dateModified\":\"2022-04-14T20:45:01+00:00\",\"description\":\"Empresa de importa\\u00e7\\u00e3o em S\\u00e3o Paulo. Nossas solu\\u00e7\\u00f5es atendem toda a cadeia do processo de importa\\u00e7\\u00e3o. Confira!\",\"breadcrumb\":{\"@id\":\"https:\/\/www.stimportacoes.com.br\/pt\/sao-paulo\/#breadcrumb\"},\"inLanguage\":\"pt-BR\",\"potentialAction\":[{\"@type\":\"ReadAction\",\"target\":[\"https:\/\/www.stimportacoes.com.br\/pt\/sao-paulo\/\"]}]},{\"@type\":\"BreadcrumbList\",\"@id\":\"https:\/\/www.stimportacoes.com.br\/pt\/sao-paulo\/#breadcrumb\",\"itemListElement\":[{\"@type\":\"ListItem\",\"position\":1,\"name\":\"S\\u00e3o Paulo\"}]}]}<\/script>\n<!-- \/ Yoast SEO plugin. -->","_links":{"self":[{"href":"https:\/\/www.stimportacoes.com.br\/pt\/wp-json\/wp\/v2\/pages\/195"}],"collection":[{"href":"https:\/\/www.stimportacoes.com.br\/pt\/wp-json\/wp\/v2\/pages"}],"about":[{"href":"https:\/\/www.stimportacoes.com.br\/pt\/wp-json\/wp\/v2\/types\/page"}],"author":[{"embeddable":true,"href":"https:\/\/www.stimportacoes.com.br\/pt\/wp-json\/wp\/v2\/users\/1"}],"replies":[{"embeddable":true,"href":"https:\/\/www.stimportacoes.com.br\/pt\/wp-json\/wp\/v2\/comments?post=195"}],"version-history":[{"count":0,"href":"https:\/\/www.stimportacoes.com.br\/pt\/wp-json\/wp\/v2\/pages\/195\/revisions"}],"wp:attachment":[{"href":"https:\/\/www.stimportacoes.com.br\/pt\/wp-json\/wp\/v2\/media?parent=195"}],"curies":[{"name":"wp","href":"https:\/\/api.w.org\/{rel}","templated":true}]}}