 {"id":196,"date":"2021-12-01T09:07:15","date_gmt":"2021-12-01T12:07:15","guid":{"rendered":"https:\/\/www.stimportacoes.com.br\/?page_id=196"},"modified":"2022-04-14T17:49:05","modified_gmt":"2022-04-14T20:49:05","slug":"rio-de-janeiro","status":"publish","type":"page","link":"https:\/\/www.stimportacoes.com.br\/pt\/rio-de-janeiro\/","title":{"rendered":"Rio de Janeiro"},"content":{"rendered":"\n<p>A ST Importa\u00e7\u00f5es possui grande tradi\u00e7\u00e3o no mercado exterior, com atua\u00e7\u00e3o h\u00e1 24 anos. As solu\u00e7\u00f5es oferecidas s\u00e3o criativas e inovadores, atendendo as evolu\u00e7\u00f5es e transforma\u00e7\u00f5es que os novos tempos trazem!&nbsp;<\/p>\n\n\n\n<p>O Grupo Americanas S\/A adquiriu a ST Importa\u00e7\u00f5es aumentando o potencial da empresa, incrementando o portf\u00f3lio de produtos que s\u00e3o importados, bem como o volume das suas opera\u00e7\u00f5es, com maior representa\u00e7\u00e3o no mercado varejista.&nbsp;<\/p>\n\n\n\n<p>No Rio de Janeiro, a importa\u00e7\u00e3o \u00e9 um dos pontos fortes do Estado. E por isso, possu\u00edmos uma sede f\u00edsica na cidade maravilhosa, para fortalecer ainda mais o setor e oferecer mais op\u00e7\u00f5es para nossos clientes.&nbsp;<\/p>\n\n\n\n<p>A cidade possui mais de 6 milh\u00f5es de habitantes, de acordo com dados que foram divulgados pelo IBGE, e a sua renda per capita \u00e9 a segunda maior de todo o estado.&nbsp;<\/p>\n\n\n\n<p>E n\u00e3o \u00e9 apenas isso, a cidade maravilhosa est\u00e1 no topo da lista das cidades que est\u00e3o com maior volume de importa\u00e7\u00f5es no Brasil.&nbsp;<\/p>\n\n\n\n<p>Al\u00e9m disso, o estado como um todo, tem um peso muito relevante nas importa\u00e7\u00f5es que ocorrem em solo nacional, bem como nas exporta\u00e7\u00f5es.&nbsp;<\/p>\n\n\n\n<p>Os setores com maior procura s\u00e3o distintos, mas est\u00e3o distribu\u00eddos entre:&nbsp;<\/p>\n\n\n\n<ul><li>Materiais voltados para a \u00e1rea de transporte;<\/li><li>Maquin\u00e1rios e aparelhos el\u00e9tricos\/ eletr\u00f4nicos;<\/li><li>Materiais comuns;<\/li><li>Materiais para abastecimento de ind\u00fastrias (principalmente qu\u00edmica);<\/li><li>Pl\u00e1sticos e seus derivados.&nbsp;<\/li><\/ul>\n\n\n\n<p>Nos dois primeiros trimestres de 2020, no auge da pandemia, o setor registrou mais de 6 bilh\u00f5es de reais, apresentando um crescimento superior a 35% em compara\u00e7\u00e3o com o ano anterior.&nbsp;<\/p>\n\n\n\n<p>E a contribui\u00e7\u00e3o da cidade do Rio de Janeiro foi de 43% em rela\u00e7\u00e3o ao total do estado, e 6% do total nacional.&nbsp;<\/p>\n\n\n\n<p>Os principais produtos importados no Rio de Janeiro s\u00e3o:<\/p>\n\n\n\n<ul><li>Barcos-far\u00f3is, barcos-bombas, dragas, guindastes flutuantes (27%);<\/li><li>Maquin\u00e1rios e equipamentos de terraplanagem (17%);<\/li><li>Tubos de metais comuns, mesmo com acess\u00f3rios (11%);<\/li><li>Torneiras, v\u00e1lvulas (7,1%);<\/li><li>\u00d3leos de petr\u00f3leo ou de minerais betuminosos (3,2%).<\/li><\/ul>\n\n\n\n<p>Em rela\u00e7\u00e3o \u00e0s origens das importa\u00e7\u00f5es da cidade maravilhosa, podemos citar como os principais pa\u00edses:&nbsp;<\/p>\n\n\n\n<ul><li>China;<\/li><li>Fran\u00e7a;<\/li><li>Alemanha;<\/li><li>Reino Unido;<\/li><li>Estados Unidos.<\/li><\/ul>\n\n\n\n<p>O maior importador e parceiro do Estado carioca \u00e9 a China, respons\u00e1vel por aproximadamente 38%, seguida dos Estados Unidos, com 31%. E o restante est\u00e1 distribu\u00eddo entre os demais pa\u00edses.&nbsp;<\/p>\n\n\n\n<p>Dessa forma, a ST Importa\u00e7\u00f5es&nbsp;&nbsp;&nbsp; possui uma atua\u00e7\u00e3o estrat\u00e9gica na cidade do Rio de Janeiro, j\u00e1 que existe uma concentra\u00e7\u00e3o importante no Estado e principalmente, na cidade. De forma que seja poss\u00edvel atender presencialmente nossos clientes e oferecer servi\u00e7os exclusivos e totalmente personalizados.&nbsp;<\/p>\n\n\n\n<p>A opera\u00e7\u00e3o de importa\u00e7\u00e3o \u00e9 realizada desde coleta dos itens at\u00e9 o momento em que a entrega for realizada, trabalhando na ponta-a-ponta do processo, para in\u00fameros segmentos do mercado.<\/p>\n","protected":false},"excerpt":{"rendered":"<p>A ST Importa\u00e7\u00f5es possui grande tradi\u00e7\u00e3o no mercado exterior, com atua\u00e7\u00e3o h\u00e1 24 anos. As solu\u00e7\u00f5es oferecidas s\u00e3o criativas e inovadores, atendendo as evolu\u00e7\u00f5es e transforma\u00e7\u00f5es que os novos tempos trazem!&nbsp; O Grupo Americanas S\/A adquiriu a ST Importa\u00e7\u00f5es aumentando o potencial da empresa, incrementando o portf\u00f3lio de produtos que s\u00e3o importados, bem como o [&hellip;]<\/p>\n","protected":false},"author":1,"featured_media":0,"parent":0,"menu_order":0,"comment_status":"closed","ping_status":"closed","template":"page-tamplate-cidade.php","meta":{"footnotes":""},"acf":[],"yoast_head":"<!-- This site is optimized with the Yoast SEO plugin v16.6.1 - https:\/\/yoast.com\/wordpress\/plugins\/seo\/ -->\n<meta name=\"description\" content=\"Empresa de importa\u00e7\u00e3o no Rio de Janeiro. Nossas solu\u00e7\u00f5es atendem toda a cadeia do processo de importa\u00e7\u00e3o. Confira!\" \/>\n<meta name=\"robots\" content=\"index, follow, max-snippet:-1, max-image-preview:large, max-video-preview:-1\" \/>\n<meta property=\"og:locale\" content=\"pt_BR\" \/>\n<meta property=\"og:type\" content=\"article\" \/>\n<meta property=\"og:title\" content=\"Importadora em Rio de Janeiro - ST Importa\u00e7\u00f5es\" \/>\n<meta property=\"og:description\" content=\"Empresa de importa\u00e7\u00e3o no Rio de Janeiro. Nossas solu\u00e7\u00f5es atendem toda a cadeia do processo de importa\u00e7\u00e3o. Confira!\" \/>\n<meta property=\"og:url\" content=\"https:\/\/www.stimportacoes.com.br\/pt\/rio-de-janeiro\/\" \/>\n<meta property=\"og:site_name\" content=\"ST Importa\u00e7\u00f5es\" \/>\n<meta property=\"article:publisher\" content=\"https:\/\/www.facebook.com\/stimportacoes\" \/>\n<meta property=\"article:modified_time\" content=\"2022-04-14T20:49:05+00:00\" \/>\n<meta name=\"twitter:card\" content=\"summary_large_image\" \/>\n<meta name=\"twitter:label1\" content=\"Est. reading time\" \/>\n\t<meta name=\"twitter:data1\" content=\"2 minutos\" \/>\n<script type=\"application\/ld+json\" class=\"yoast-schema-graph\">{\"@context\":\"https:\/\/schema.org\",\"@graph\":[{\"@type\":\"WebSite\",\"@id\":\"https:\/\/www.stimportacoes.com.br\/#website\",\"url\":\"https:\/\/www.stimportacoes.com.br\/\",\"name\":\"ST Importa\\u00e7\\u00f5es\",\"description\":\"Solu\\u00e7\\u00f5es de com\\u00e9rcio exterior,  de forma \\u00e1gil e descomplicada.\",\"potentialAction\":[{\"@type\":\"SearchAction\",\"target\":{\"@type\":\"EntryPoint\",\"urlTemplate\":\"https:\/\/www.stimportacoes.com.br\/?s={search_term_string}\"},\"query-input\":\"required name=search_term_string\"}],\"inLanguage\":\"pt-BR\"},{\"@type\":\"WebPage\",\"@id\":\"https:\/\/www.stimportacoes.com.br\/pt\/rio-de-janeiro\/#webpage\",\"url\":\"https:\/\/www.stimportacoes.com.br\/pt\/rio-de-janeiro\/\",\"name\":\"Importadora em Rio de Janeiro - ST Importa\\u00e7\\u00f5es\",\"isPartOf\":{\"@id\":\"https:\/\/www.stimportacoes.com.br\/#website\"},\"datePublished\":\"2021-12-01T12:07:15+00:00\",\"dateModified\":\"2022-04-14T20:49:05+00:00\",\"description\":\"Empresa de importa\\u00e7\\u00e3o no Rio de Janeiro. Nossas solu\\u00e7\\u00f5es atendem toda a cadeia do processo de importa\\u00e7\\u00e3o. Confira!\",\"breadcrumb\":{\"@id\":\"https:\/\/www.stimportacoes.com.br\/pt\/rio-de-janeiro\/#breadcrumb\"},\"inLanguage\":\"pt-BR\",\"potentialAction\":[{\"@type\":\"ReadAction\",\"target\":[\"https:\/\/www.stimportacoes.com.br\/pt\/rio-de-janeiro\/\"]}]},{\"@type\":\"BreadcrumbList\",\"@id\":\"https:\/\/www.stimportacoes.com.br\/pt\/rio-de-janeiro\/#breadcrumb\",\"itemListElement\":[{\"@type\":\"ListItem\",\"position\":1,\"name\":\"Rio de Janeiro\"}]}]}<\/script>\n<!-- \/ Yoast SEO plugin. -->","_links":{"self":[{"href":"https:\/\/www.stimportacoes.com.br\/pt\/wp-json\/wp\/v2\/pages\/196"}],"collection":[{"href":"https:\/\/www.stimportacoes.com.br\/pt\/wp-json\/wp\/v2\/pages"}],"about":[{"href":"https:\/\/www.stimportacoes.com.br\/pt\/wp-json\/wp\/v2\/types\/page"}],"author":[{"embeddable":true,"href":"https:\/\/www.stimportacoes.com.br\/pt\/wp-json\/wp\/v2\/users\/1"}],"replies":[{"embeddable":true,"href":"https:\/\/www.stimportacoes.com.br\/pt\/wp-json\/wp\/v2\/comments?post=196"}],"version-history":[{"count":0,"href":"https:\/\/www.stimportacoes.com.br\/pt\/wp-json\/wp\/v2\/pages\/196\/revisions"}],"wp:attachment":[{"href":"https:\/\/www.stimportacoes.com.br\/pt\/wp-json\/wp\/v2\/media?parent=196"}],"curies":[{"name":"wp","href":"https:\/\/api.w.org\/{rel}","templated":true}]}}