 {"id":199,"date":"2021-12-03T15:02:47","date_gmt":"2021-12-03T18:02:47","guid":{"rendered":"https:\/\/www.stimportacoes.com.br\/?page_id=199"},"modified":"2022-04-20T15:08:26","modified_gmt":"2022-04-20T18:08:26","slug":"parana","status":"publish","type":"page","link":"https:\/\/www.stimportacoes.com.br\/pt\/parana\/","title":{"rendered":"Paran\u00e1"},"content":{"rendered":"\n<p>A <strong>ST Importa\u00e7\u00f5es<\/strong> est\u00e1 presente e atuante no mercado desde 1998, contando com muitos anos de tradi\u00e7\u00e3o. Oferecemos sempre solu\u00e7\u00f5es personalizadas e inovadoras aos nossos clientes.\u00a0<\/p>\n\n\n\n<p>Trabalhando com as melhores tecnologias e profissionais presentes no mercado.&nbsp;<\/p>\n\n\n\n<p>Contudo, chegando para somar ao time, o Grupo Americanas S\/A juntou a n\u00f3s, aumentando nossa capacidade de opera\u00e7\u00e3o e incrementando a oferta de produtos e servi\u00e7os.&nbsp;<\/p>\n\n\n\n<p>Estamos atuando com maior intensidade no mercado varejista, em decorr\u00eancia da forte presen\u00e7a no grupo nesse segmento.&nbsp;<\/p>\n\n\n\n<p>Falando um pouco sobre o Paran\u00e1, conta com 11,3 milh\u00f5es de habitantes, de acordo com dados do IBGE.&nbsp;<\/p>\n\n\n\n<p>Os n\u00fameros sobre importa\u00e7\u00e3o s\u00e3o animadores. Em 2021, foram mais de 17 bilh\u00f5es de d\u00f3lares em importa\u00e7\u00e3o, com um aumento de 43% em rela\u00e7\u00e3o ao ano anterior.&nbsp;<\/p>\n\n\n\n<p>A exporta\u00e7\u00e3o tamb\u00e9m demonstrou um crescimento, por\u00e9m menos expressivo, com 19 bilh\u00f5es de d\u00f3lares em 2021, crescendo 17% em compara\u00e7\u00e3o ao ano anterior.&nbsp;<\/p>\n\n\n\n<p>Os dados apresentados foram divulgados oficialmente pela Secret\u00e1ria de Com\u00e9rcio Exterior (SECEX) \u2013 Minist\u00e9rio da Economia.&nbsp;<\/p>\n\n\n\n<p>A maior parte das importa\u00e7\u00f5es foram de insumos para abastecimento das ind\u00fastrias, que estamos retomando suas atividades. E tamb\u00e9m de mat\u00e9rias-primas.&nbsp;<\/p>\n\n\n\n<p>Al\u00e9m disso, as ind\u00fastrias e f\u00e1bricas est\u00e3o buscando se organizar melhor em rela\u00e7\u00e3o aos materiais necess\u00e1rios para sua continuidade, e por isso, estamos planejamento melhor seus estoques, para evitar ficar em desabastecimento, como ocorreu ao longo da pandemia.&nbsp;<\/p>\n\n\n\n<p>No entanto, mesmo com as importa\u00e7\u00f5es com n\u00fameros animadores, houve um registro de queda da balan\u00e7a comercial do Paran\u00e1, em decorr\u00eancia na queda nas exporta\u00e7\u00f5es, de 53%. Mas, ainda sim, foi poss\u00edvel ter um super\u00e1vit de 2,1 bilh\u00f5es de d\u00f3lares em 2021.&nbsp;<\/p>\n\n\n\n<p>Os pa\u00edses com mais recorr\u00eancias de importa\u00e7\u00f5es no Paran\u00e1, foram:&nbsp;<\/p>\n\n\n\n<ul><li>China;<\/li><li>Estados Unidos;<\/li><li>Argentina;<\/li><li>Paraguai.<\/li><\/ul>\n\n\n\n<p>Em rela\u00e7\u00e3o ao principal importador do Estado, a China, houve um crescimento de mais de 60% do que o ano anterior (2020).&nbsp;<\/p>\n\n\n\n<p>Um ponto que vale a pena ressaltar \u00e9 a exporta\u00e7\u00e3o de m\u00f3veis, que houve um crescimento interessante no setor, considerando que n\u00e3o havia tanta express\u00e3o no n\u00famero total de exporta\u00e7\u00f5es do Estado. Em 2020, foram 90 milh\u00f5es de d\u00f3lares em exporta\u00e7\u00e3o, e em 2021, foram praticamente 180 milh\u00f5es de d\u00f3lares, dobrando os valores anteriormente apresentados, mas ainda assim, representa 1% do volume total de exporta\u00e7\u00f5es!<\/p>\n\n\n\n<p>No mais, se voc\u00ea est\u00e1 procurando pelos servi\u00e7os prestados no Paran\u00e1 para Importa\u00e7\u00f5es, d\u00ea uma olhada em <a href=\"https:\/\/www.stimportacoes.com.br\/pt\/nossas-solucoes\/\">nossa p\u00e1gina de solu\u00e7\u00f5es<\/a>, e veja qual a solu\u00e7\u00e3o melhor atende \u00e0s suas necessidades.&nbsp;<\/p>\n\n\n\n<p>Nossos especialistas estar\u00e3o a postos para lhe dar o melhor atendimento, focando em uma solu\u00e7\u00e3o personalizada. O atendimento \u00e9 feito totalmente online para sua maior comodidade, com uma equipe especializada e dedicada!<\/p>\n\n\n\n<p><br><\/p>\n","protected":false},"excerpt":{"rendered":"<p>A ST Importa\u00e7\u00f5es est\u00e1 presente e atuante no mercado desde 1998, contando com muitos anos de tradi\u00e7\u00e3o. Oferecemos sempre solu\u00e7\u00f5es personalizadas e inovadoras aos nossos clientes.\u00a0 Trabalhando com as melhores tecnologias e profissionais presentes no mercado.&nbsp; Contudo, chegando para somar ao time, o Grupo Americanas S\/A juntou a n\u00f3s, aumentando nossa capacidade de opera\u00e7\u00e3o e [&hellip;]<\/p>\n","protected":false},"author":1,"featured_media":0,"parent":0,"menu_order":0,"comment_status":"closed","ping_status":"closed","template":"page-tamplate-cidade.php","meta":{"footnotes":""},"acf":[],"yoast_head":"<!-- This site is optimized with the Yoast SEO plugin v16.6.1 - https:\/\/yoast.com\/wordpress\/plugins\/seo\/ -->\n<meta name=\"description\" content=\"Empresa de importa\u00e7\u00e3o no Paran\u00e1. Nossas solu\u00e7\u00f5es atendem toda a cadeia do processo de importa\u00e7\u00e3o. Confira nosso site!\" \/>\n<meta name=\"robots\" content=\"index, follow, max-snippet:-1, max-image-preview:large, max-video-preview:-1\" \/>\n<meta property=\"og:locale\" content=\"pt_BR\" \/>\n<meta property=\"og:type\" content=\"article\" \/>\n<meta property=\"og:title\" content=\"Importadora em Paran\u00e1 - ST Importa\u00e7\u00f5es\" \/>\n<meta property=\"og:description\" content=\"Empresa de importa\u00e7\u00e3o no Paran\u00e1. Nossas solu\u00e7\u00f5es atendem toda a cadeia do processo de importa\u00e7\u00e3o. Confira nosso site!\" \/>\n<meta property=\"og:url\" content=\"https:\/\/www.stimportacoes.com.br\/pt\/parana\/\" \/>\n<meta property=\"og:site_name\" content=\"ST Importa\u00e7\u00f5es\" \/>\n<meta property=\"article:publisher\" content=\"https:\/\/www.facebook.com\/stimportacoes\" \/>\n<meta property=\"article:modified_time\" content=\"2022-04-20T18:08:26+00:00\" \/>\n<meta name=\"twitter:card\" content=\"summary_large_image\" \/>\n<meta name=\"twitter:label1\" content=\"Est. reading time\" \/>\n\t<meta name=\"twitter:data1\" content=\"2 minutos\" \/>\n<script type=\"application\/ld+json\" class=\"yoast-schema-graph\">{\"@context\":\"https:\/\/schema.org\",\"@graph\":[{\"@type\":\"WebSite\",\"@id\":\"https:\/\/www.stimportacoes.com.br\/#website\",\"url\":\"https:\/\/www.stimportacoes.com.br\/\",\"name\":\"ST Importa\\u00e7\\u00f5es\",\"description\":\"Solu\\u00e7\\u00f5es de com\\u00e9rcio exterior,  de forma \\u00e1gil e descomplicada.\",\"potentialAction\":[{\"@type\":\"SearchAction\",\"target\":{\"@type\":\"EntryPoint\",\"urlTemplate\":\"https:\/\/www.stimportacoes.com.br\/?s={search_term_string}\"},\"query-input\":\"required name=search_term_string\"}],\"inLanguage\":\"pt-BR\"},{\"@type\":\"WebPage\",\"@id\":\"https:\/\/www.stimportacoes.com.br\/pt\/parana\/#webpage\",\"url\":\"https:\/\/www.stimportacoes.com.br\/pt\/parana\/\",\"name\":\"Importadora em Paran\\u00e1 - ST Importa\\u00e7\\u00f5es\",\"isPartOf\":{\"@id\":\"https:\/\/www.stimportacoes.com.br\/#website\"},\"datePublished\":\"2021-12-03T18:02:47+00:00\",\"dateModified\":\"2022-04-20T18:08:26+00:00\",\"description\":\"Empresa de importa\\u00e7\\u00e3o no Paran\\u00e1. Nossas solu\\u00e7\\u00f5es atendem toda a cadeia do processo de importa\\u00e7\\u00e3o. Confira nosso site!\",\"breadcrumb\":{\"@id\":\"https:\/\/www.stimportacoes.com.br\/pt\/parana\/#breadcrumb\"},\"inLanguage\":\"pt-BR\",\"potentialAction\":[{\"@type\":\"ReadAction\",\"target\":[\"https:\/\/www.stimportacoes.com.br\/pt\/parana\/\"]}]},{\"@type\":\"BreadcrumbList\",\"@id\":\"https:\/\/www.stimportacoes.com.br\/pt\/parana\/#breadcrumb\",\"itemListElement\":[{\"@type\":\"ListItem\",\"position\":1,\"name\":\"Paran\\u00e1\"}]}]}<\/script>\n<!-- \/ Yoast SEO plugin. -->","_links":{"self":[{"href":"https:\/\/www.stimportacoes.com.br\/pt\/wp-json\/wp\/v2\/pages\/199"}],"collection":[{"href":"https:\/\/www.stimportacoes.com.br\/pt\/wp-json\/wp\/v2\/pages"}],"about":[{"href":"https:\/\/www.stimportacoes.com.br\/pt\/wp-json\/wp\/v2\/types\/page"}],"author":[{"embeddable":true,"href":"https:\/\/www.stimportacoes.com.br\/pt\/wp-json\/wp\/v2\/users\/1"}],"replies":[{"embeddable":true,"href":"https:\/\/www.stimportacoes.com.br\/pt\/wp-json\/wp\/v2\/comments?post=199"}],"version-history":[{"count":0,"href":"https:\/\/www.stimportacoes.com.br\/pt\/wp-json\/wp\/v2\/pages\/199\/revisions"}],"wp:attachment":[{"href":"https:\/\/www.stimportacoes.com.br\/pt\/wp-json\/wp\/v2\/media?parent=199"}],"curies":[{"name":"wp","href":"https:\/\/api.w.org\/{rel}","templated":true}]}}