 {"id":225,"date":"2021-12-27T21:09:24","date_gmt":"2021-12-28T00:09:24","guid":{"rendered":"https:\/\/www.stimportacoes.com.br\/?page_id=225"},"modified":"2022-05-06T15:10:33","modified_gmt":"2022-05-06T18:10:33","slug":"distrito-federal","status":"publish","type":"page","link":"https:\/\/www.stimportacoes.com.br\/pt\/distrito-federal\/","title":{"rendered":"Distrito Federal"},"content":{"rendered":"\n<p>O Distrito Federal \u00e9 a capital do Brasil, principal cen\u00e1rio pol\u00edtico e econ\u00f4mico do nosso Pa\u00eds. Devido tamanha import\u00e2ncia para todos, precisamos falar um pouco mais sobre seus n\u00fameros e sua economia. No entanto, antes precisamos mencionar que a ST Importa\u00e7\u00f5es tamb\u00e9m conta com uma opera\u00e7\u00e3o dedicada, e totalmente online em Bras\u00edlia.&nbsp;<\/p>\n\n\n\n<p>Todavia, a ST Importa\u00e7\u00f5es n\u00e3o come\u00e7ou agora no mercado, sua presen\u00e7a est\u00e1 registrada no mercado desde 1998. Todas as solu\u00e7\u00f5es criadas s\u00e3o pensadas para facilitar e agilizar todo o trabalho dos nossos clientes.&nbsp;<\/p>\n\n\n\n<p>Oferecendo servi\u00e7os personalizados, de acordo com as suas necessidades e dores, j\u00e1 que cada neg\u00f3cio possui alguma particularidade, e buscando sempre que nossos produtos e servi\u00e7os se encaixem perfeitamente para cada um de nossos clientes.&nbsp;<\/p>\n\n\n\n<p>Conquistamos nosso espa\u00e7o em um mercado t\u00e3o competitivo por meio de muito trabalho e dedica\u00e7\u00e3o aos nossos clientes e parceiros.&nbsp;<\/p>\n\n\n\n<p>Al\u00e9m disso, atuamos contamos com um refor\u00e7o muito importante para a empresa, que \u00e9 a presen\u00e7a do Grupo Americanas S\/A no conglomerado empresarial, refor\u00e7ando nossa presen\u00e7a em solo nacional e principalmente, no mercado varejista, que \u00e9 o mercado de atua\u00e7\u00e3o do Grupo Americanas S\/A.&nbsp;<\/p>\n\n\n\n<p>Apesar de ser a capital do Brasil, o Distrito Federal conta com mais de 3 milh\u00f5es de habitantes, de acordo com o \u00faltimo censo realizado pelo IBGE, em 2021.&nbsp;<\/p>\n\n\n\n<p>A balan\u00e7a comercial do estado fechou com um d\u00e9ficit de US$ 948 milh\u00f5es, ou seja, foram mais importa\u00e7\u00f5es do que exporta\u00e7\u00f5es na capital do Brasil, em 2019.&nbsp;<\/p>\n\n\n\n<p>Existe um planejamento do Governo, que se trata de um pacote de incentivos para o mercado de exporta\u00e7\u00e3o de produtos no estado, para aumentar as possibilidades, onde seria para um mercado para que novas empresas pudessem surgir, para impulsionar as exporta\u00e7\u00f5es da regi\u00e3o.&nbsp;<\/p>\n\n\n\n<p>Contudo, todo o centro-oeste tem a produ\u00e7\u00e3o focada na agropecu\u00e1ria. Dessa forma, n\u00e3o poderia ser diferente que os principais produtos que s\u00e3o exportados fossem relacionados a essa atividade. Veja os principais a seguir:&nbsp;<\/p>\n\n\n\n<ul><li>Soja: 33%<\/li><li>Ouro (n\u00e3o monet\u00e1rio): 18%<\/li><li>Carne de frango; 15%<\/li><li>Combust\u00edveis oriundos do Petr\u00f3leo: 14%<\/li><\/ul>\n\n\n\n<p>Apenas os 4 produtos que citamos anteriormente, representam 80% de toda a exporta\u00e7\u00e3o do estado no ano de 2019.&nbsp;<\/p>\n\n\n\n<p>Contudo, se deseja conhecer sobre os servi\u00e7os que s\u00e3o prestados pela nossa empresa, e conhecer um pouco mais sobre a nossa hist\u00f3ria,&nbsp; d\u00ea uma olhada em nossa p\u00e1gina de solu\u00e7\u00f5es, e veja qual a melhor solu\u00e7\u00e3o atende \u00e0s suas necessidades e n\u00e3o esque\u00e7a que estamos prontos para te oferecer o melhor atendimento.&nbsp;<\/p>\n\n\n\n<p>Entre em contato conosco agora mesmo, que nossos especialistas estar\u00e3o a postos para lhe dar o melhor atendimento, focando em uma solu\u00e7\u00e3o personalizada, que atende \u00e0s suas necessidades. Voc\u00ea contar\u00e1 com um portf\u00f3lio inovador de produtos e servi\u00e7os \u00e0 sua disposi\u00e7\u00e3o.<\/p>\n","protected":false},"excerpt":{"rendered":"<p>O Distrito Federal \u00e9 a capital do Brasil, principal cen\u00e1rio pol\u00edtico e econ\u00f4mico do nosso Pa\u00eds. Devido tamanha import\u00e2ncia para todos, precisamos falar um pouco mais sobre seus n\u00fameros e sua economia. No entanto, antes precisamos mencionar que a ST Importa\u00e7\u00f5es tamb\u00e9m conta com uma opera\u00e7\u00e3o dedicada, e totalmente online em Bras\u00edlia.&nbsp; Todavia, a ST [&hellip;]<\/p>\n","protected":false},"author":1,"featured_media":0,"parent":0,"menu_order":0,"comment_status":"closed","ping_status":"closed","template":"page-tamplate-cidade.php","meta":{"footnotes":""},"acf":[],"yoast_head":"<!-- This site is optimized with the Yoast SEO plugin v16.6.1 - https:\/\/yoast.com\/wordpress\/plugins\/seo\/ -->\n<meta name=\"description\" content=\"Empresa de importa\u00e7\u00e3o no Distrito Federal. Nossas solu\u00e7\u00f5es atendem toda a cadeia do processo de importa\u00e7\u00e3o. Confira!\" \/>\n<meta name=\"robots\" content=\"index, follow, max-snippet:-1, max-image-preview:large, max-video-preview:-1\" \/>\n<meta property=\"og:locale\" content=\"pt_BR\" \/>\n<meta property=\"og:type\" content=\"article\" \/>\n<meta property=\"og:title\" content=\"Importadora em Distrito Federal - ST Importa\u00e7\u00f5es\" \/>\n<meta property=\"og:description\" content=\"Empresa de importa\u00e7\u00e3o no Distrito Federal. Nossas solu\u00e7\u00f5es atendem toda a cadeia do processo de importa\u00e7\u00e3o. Confira!\" \/>\n<meta property=\"og:url\" content=\"https:\/\/www.stimportacoes.com.br\/pt\/distrito-federal\/\" \/>\n<meta property=\"og:site_name\" content=\"ST Importa\u00e7\u00f5es\" \/>\n<meta property=\"article:publisher\" content=\"https:\/\/www.facebook.com\/stimportacoes\" \/>\n<meta property=\"article:modified_time\" content=\"2022-05-06T18:10:33+00:00\" \/>\n<meta name=\"twitter:card\" content=\"summary_large_image\" \/>\n<meta name=\"twitter:label1\" content=\"Est. reading time\" \/>\n\t<meta name=\"twitter:data1\" content=\"2 minutos\" \/>\n<script type=\"application\/ld+json\" class=\"yoast-schema-graph\">{\"@context\":\"https:\/\/schema.org\",\"@graph\":[{\"@type\":\"WebSite\",\"@id\":\"https:\/\/www.stimportacoes.com.br\/#website\",\"url\":\"https:\/\/www.stimportacoes.com.br\/\",\"name\":\"ST Importa\\u00e7\\u00f5es\",\"description\":\"Solu\\u00e7\\u00f5es de com\\u00e9rcio exterior,  de forma \\u00e1gil e descomplicada.\",\"potentialAction\":[{\"@type\":\"SearchAction\",\"target\":{\"@type\":\"EntryPoint\",\"urlTemplate\":\"https:\/\/www.stimportacoes.com.br\/?s={search_term_string}\"},\"query-input\":\"required name=search_term_string\"}],\"inLanguage\":\"pt-BR\"},{\"@type\":\"WebPage\",\"@id\":\"https:\/\/www.stimportacoes.com.br\/pt\/distrito-federal\/#webpage\",\"url\":\"https:\/\/www.stimportacoes.com.br\/pt\/distrito-federal\/\",\"name\":\"Importadora em Distrito Federal - ST Importa\\u00e7\\u00f5es\",\"isPartOf\":{\"@id\":\"https:\/\/www.stimportacoes.com.br\/#website\"},\"datePublished\":\"2021-12-28T00:09:24+00:00\",\"dateModified\":\"2022-05-06T18:10:33+00:00\",\"description\":\"Empresa de importa\\u00e7\\u00e3o no Distrito Federal. Nossas solu\\u00e7\\u00f5es atendem toda a cadeia do processo de importa\\u00e7\\u00e3o. Confira!\",\"breadcrumb\":{\"@id\":\"https:\/\/www.stimportacoes.com.br\/pt\/distrito-federal\/#breadcrumb\"},\"inLanguage\":\"pt-BR\",\"potentialAction\":[{\"@type\":\"ReadAction\",\"target\":[\"https:\/\/www.stimportacoes.com.br\/pt\/distrito-federal\/\"]}]},{\"@type\":\"BreadcrumbList\",\"@id\":\"https:\/\/www.stimportacoes.com.br\/pt\/distrito-federal\/#breadcrumb\",\"itemListElement\":[{\"@type\":\"ListItem\",\"position\":1,\"name\":\"Distrito Federal\"}]}]}<\/script>\n<!-- \/ Yoast SEO plugin. -->","_links":{"self":[{"href":"https:\/\/www.stimportacoes.com.br\/pt\/wp-json\/wp\/v2\/pages\/225"}],"collection":[{"href":"https:\/\/www.stimportacoes.com.br\/pt\/wp-json\/wp\/v2\/pages"}],"about":[{"href":"https:\/\/www.stimportacoes.com.br\/pt\/wp-json\/wp\/v2\/types\/page"}],"author":[{"embeddable":true,"href":"https:\/\/www.stimportacoes.com.br\/pt\/wp-json\/wp\/v2\/users\/1"}],"replies":[{"embeddable":true,"href":"https:\/\/www.stimportacoes.com.br\/pt\/wp-json\/wp\/v2\/comments?post=225"}],"version-history":[{"count":0,"href":"https:\/\/www.stimportacoes.com.br\/pt\/wp-json\/wp\/v2\/pages\/225\/revisions"}],"wp:attachment":[{"href":"https:\/\/www.stimportacoes.com.br\/pt\/wp-json\/wp\/v2\/media?parent=225"}],"curies":[{"name":"wp","href":"https:\/\/api.w.org\/{rel}","templated":true}]}}